{"id":4018,"date":"2015-10-21T13:20:45","date_gmt":"2015-10-21T13:20:45","guid":{"rendered":"https:\/\/tandemclub.it\/impressum\/"},"modified":"2024-05-29T07:04:53","modified_gmt":"2024-05-29T07:04:53","slug":"imprint","status":"publish","type":"page","link":"https:\/\/tandemclub.it\/en\/imprint\/","title":{"rendered":"Imprint"},"content":{"rendered":"[vc_row type=&#8221;in_container&#8221; full_screen_row_position=&#8221;middle&#8221; column_margin=&#8221;default&#8221; column_direction=&#8221;default&#8221; column_direction_tablet=&#8221;default&#8221; column_direction_phone=&#8221;default&#8221; scene_position=&#8221;center&#8221; text_color=&#8221;dark&#8221; text_align=&#8221;left&#8221; row_border_radius=&#8221;none&#8221; row_border_radius_applies=&#8221;bg&#8221; overflow=&#8221;visible&#8221; overlay_strength=&#8221;0.3&#8243; gradient_direction=&#8221;left_to_right&#8221; shape_divider_position=&#8221;bottom&#8221; bg_image_animation=&#8221;none&#8221;][vc_column column_padding=&#8221;no-extra-padding&#8221; column_padding_tablet=&#8221;inherit&#8221; column_padding_phone=&#8221;inherit&#8221; column_padding_position=&#8221;all&#8221; column_element_direction_desktop=&#8221;default&#8221; column_element_spacing=&#8221;default&#8221; desktop_text_alignment=&#8221;default&#8221; tablet_text_alignment=&#8221;default&#8221; phone_text_alignment=&#8221;default&#8221; background_color_opacity=&#8221;1&#8243; background_hover_color_opacity=&#8221;1&#8243; column_backdrop_filter=&#8221;none&#8221; column_shadow=&#8221;none&#8221; column_border_radius=&#8221;none&#8221; column_link_target=&#8221;_self&#8221; column_position=&#8221;default&#8221; gradient_direction=&#8221;left_to_right&#8221; overlay_strength=&#8221;0.3&#8243; width=&#8221;1\/1&#8243; tablet_width_inherit=&#8221;default&#8221; animation_type=&#8221;default&#8221; bg_image_animation=&#8221;none&#8221; border_type=&#8221;simple&#8221; column_border_width=&#8221;none&#8221; column_border_style=&#8221;solid&#8221;][vc_column_text css=&#8221;&#8221; text_direction=&#8221;default&#8221;]\n<h4><strong>Impressum<\/strong><\/h4>\n[divider line_type=&#8221;no-line&#8221; custom_height=&#8221;20&#8243;]\n<p><strong>Inhaltlich und redaktionell verantwortlich<br \/>\n<\/strong>Tandemclub Ifinger<br \/>\nSeilbahn Hirzer<br \/>\nI-39010 Saltaus im Passeiertal \u2013 S\u00fcdtirol \u2013 Italien<br \/>\n<a href=\"tel:+393397631715\">Tel. +39 339 7631715<\/a><br \/>\nE-Mail: <a href=\"mailto:info@tandemclub.it\">info(at)tandemclub.it<\/a><br \/>\nMwst. Nr. 02836500211<\/p>\n<p><strong>Webdesign, Webhosting &amp; Programmierung<\/strong><br \/>\n<a href=\"https:\/\/fahrner.it\/\" target=\"_blank\" rel=\"noopener noreferrer\">www.fahrner.it<\/a><\/p>\n<p><strong>Bildquellen<\/strong><\/p>\n<ul>\n<li>Archiv Tandemclub Ifinger<\/li>\n<\/ul>\n<p><strong>Verbraucherrechtliche Streitigkeiten<\/strong><br \/>\nPflichtinformation nach EU-Verordnung Nr. 524\/2013 des Europ\u00e4ischen Parlaments und Rats Plattform zur Online-Beilegung verbraucherrechtlicher Streitigkeiten (ODR) der Europ\u00e4ischen Kommission: <a href=\"http:\/\/ec.europa.eu\/consumers\/odr\" target=\"_blank\" rel=\"noopener noreferrer\">http:\/\/ec.europa.eu\/consumers\/odr<\/a><\/p>\n<p><strong>1. Inhalt des Onlineangebotes<\/strong><br \/>\nWir bem\u00fchen uns, auf dieser Website richtige und vollst\u00e4ndige Informationen zur Verf\u00fcgung zu stellen. Wir \u00fcbernehmen jedoch keine Haftung oder Garantie f\u00fcr die Aktualit\u00e4t, Richtigkeit und Vollst\u00e4ndigkeit der bereitgestellten Informationen. Wir behalten uns das Recht vor, ohne vorherige Ank\u00fcndigung \u00c4nderungen oder Erg\u00e4nzungen der bereitgestellten Informationen vorzunehmen.<\/p>\n<p><strong>2. Verweise und Links<\/strong><br \/>\nTrotz sorgf\u00e4ltiger inhaltlicher Kontrolle \u00fcbernehmen wir keine Haftung f\u00fcr die Inhalte externer Links. F\u00fcr den Inhalt der verlinkten Seiten sind ausschlie\u00dflich deren Betreiber verantwortlich.<\/p>\n<p><strong>3. Copyright (Urheber- und Kennzeichenrecht)<\/strong><br \/>\nDer Inhalt dieser Website ist urheberrechtlich gesch\u00fctzt. Eine Vervielf\u00e4ltigung oder Verwendung in anderen elektronischen oder gedruckten Publikationen ist ohne unsere ausdr\u00fcckliche Zustimmung nicht gestattet.<\/p>\n<p><strong>4. Datenschutz<\/strong><br \/>\nIm Sinne des italienischen Gesetzes vom 31.12.1996 Nr. 675 \u201cPrivacy \u201d Art. 10 und 13<br \/>\nNachfrage, Korrektur und\/oder L\u00f6schung (au\u00dfer kaufm\u00e4nnische Daten) der pers\u00f6nlichen Daten \u00fcber <a href=\"mailto:info@tandemclub.it\">info(at)tandemclub.it<\/a> <a href=\"https:\/\/tandemclub.it\/datenschutz\/\">mehr dazu hier -&gt;<\/a><\/p>\n<p>Sie k\u00f6nnen grunds\u00e4tzlich anonym surfen. Wenn Sie sich bei einem Dienst anmelden, fragen wir nach Namen und anderen pers\u00f6nlichen Informationen. Es unterliegt Ihrer Entscheidung diese Daten einzugeben.<\/p>\n<p>Wir speichern aufgenommene Daten auf unseren gesch\u00fctzten Servern und mittels Google-Analytics und verwenden diese nur intern.<\/p>\n<p>Cookies (vom Browser lokal gespeicherte Textdateien) helfen uns unsere Webseite gem\u00e4\u00df Ihren Bed\u00fcrfnissen und W\u00fcnschen optimal zu gestalten. Pers\u00f6nliche Daten werden damit nur auf Ihren ausdr\u00fccklichen Wunsch hin gespeichert (z.B. bei Formularen oder Logins) <a href=\"https:\/\/tandemclub.it\/cookies\/\">mehr dazu hier -&gt;<\/a><\/p>\n<p>Logfiles (Zugriffskennwerte auf die Seiten) werden von uns statistisch ausgewertet um Trends zu analysieren.<\/p>\n<p><strong>5. Rechtswirksamkeit<\/strong><br \/>\nSofern Teile oder einzelne Formulierungen dieses Textes der geltenden Rechtslage nicht, nicht mehr oder nicht vollst\u00e4ndig entsprechen sollten, bleiben die \u00fcbrigen Teile des Dokumentes in ihrem Inhalt und ihrer G\u00fcltigkeit davon unber\u00fchrt. Durch die Nutzung der Website entsteht kein Vertrag oder Rechte. Rechtsstreitigkeiten werden am f\u00fcr uns zust\u00e4ndigen Gerichtshof ausgetragen.<\/p>\n<p><strong>Haftungsausschluss:<\/strong><br \/>\nVon dieser Internetpr\u00e4senz aus f\u00fchren Verweise zu externen Seiten, welche von externen Betreibern verwaltet, ver\u00f6ffentlicht, betrieben oder herausgegeben werden.<br \/>\nDiese Seiten befinden sich au\u00dferhalb des Einflussbereichs der Firma Fahrner. Daher k\u00f6nnen wir keinerlei Gew\u00e4hr oder Verantwortung f\u00fcr deren Inhalt \u00fcbernehmen. F\u00fcr den genannten Inhalt haften ausschlie\u00dflich deren Betreiber. Zum Zeitpunkt der Linksetzung hat es keinen offensichtlich illegalen Inhalt auf den verlinkten externen Seiten gegeben.<br \/>\nUnsere Meinung kann sich von den Meinungen auf den externen Seiten unterscheiden. Diese Website wird regelm\u00e4\u00dfig aktualisiert. Trotzdem kann keine Gew\u00e4hr auf Richtigkeit, Legalit\u00e4t, Aktualit\u00e4t, Vollst\u00e4ndigkeit und Vorhandensein der Angaben oder Daten gegeben werden.[\/vc_column_text][\/vc_column][\/vc_row]\n","protected":false},"excerpt":{"rendered":"<p>[vc_row type=&#8221;in_container&#8221; full_screen_row_position=&#8221;middle&#8221; column_margin=&#8221;default&#8221; column_direction=&#8221;default&#8221; column_direction_tablet=&#8221;default&#8221; column_direction_phone=&#8221;default&#8221; scene_position=&#8221;center&#8221; text_color=&#8221;dark&#8221; text_align=&#8221;left&#8221; row_border_radius=&#8221;none&#8221; row_border_radius_applies=&#8221;bg&#8221; overflow=&#8221;visible&#8221; overlay_strength=&#8221;0.3&#8243; gradient_direction=&#8221;left_to_right&#8221; shape_divider_position=&#8221;bottom&#8221; bg_image_animation=&#8221;none&#8221;][vc_column column_padding=&#8221;no-extra-padding&#8221; column_padding_tablet=&#8221;inherit&#8221; column_padding_phone=&#8221;inherit&#8221; column_padding_position=&#8221;all&#8221; column_element_direction_desktop=&#8221;default&#8221; column_element_spacing=&#8221;default&#8221; desktop_text_alignment=&#8221;default&#8221; tablet_text_alignment=&#8221;default&#8221; phone_text_alignment=&#8221;default&#8221; background_color_opacity=&#8221;1&#8243; background_hover_color_opacity=&#8221;1&#8243; column_backdrop_filter=&#8221;none&#8221; column_shadow=&#8221;none&#8221;&#8230;<\/p>\n","protected":false},"author":1,"featured_media":0,"parent":0,"menu_order":99,"comment_status":"closed","ping_status":"closed","template":"","meta":{"footnotes":""},"class_list":["post-4018","page","type-page","status-publish"],"yoast_head":"<!-- This site is optimized with the Yoast SEO plugin v27.0 - https:\/\/yoast.com\/product\/yoast-seo-wordpress\/ -->\n<title>Imprint - Hirzer Tandemclub Ifinger S\u00fcdtirol<\/title>\n<meta name=\"robots\" content=\"index, follow, max-snippet:-1, max-image-preview:large, max-video-preview:-1\" \/>\n<link rel=\"canonical\" href=\"https:\/\/tandemclub.it\/en\/imprint\/\" \/>\n<meta property=\"og:locale\" content=\"en_US\" \/>\n<meta property=\"og:type\" content=\"article\" \/>\n<meta property=\"og:title\" content=\"Imprint - Hirzer Tandemclub Ifinger S\u00fcdtirol\" \/>\n<meta property=\"og:description\" content=\"[vc_row type=&#8221;in_container&#8221; full_screen_row_position=&#8221;middle&#8221; column_margin=&#8221;default&#8221; column_direction=&#8221;default&#8221; column_direction_tablet=&#8221;default&#8221; column_direction_phone=&#8221;default&#8221; scene_position=&#8221;center&#8221; text_color=&#8221;dark&#8221; text_align=&#8221;left&#8221; row_border_radius=&#8221;none&#8221; row_border_radius_applies=&#8221;bg&#8221; overflow=&#8221;visible&#8221; overlay_strength=&#8221;0.3&#8243; gradient_direction=&#8221;left_to_right&#8221; shape_divider_position=&#8221;bottom&#8221; bg_image_animation=&#8221;none&#8221;][vc_column column_padding=&#8221;no-extra-padding&#8221; column_padding_tablet=&#8221;inherit&#8221; column_padding_phone=&#8221;inherit&#8221; column_padding_position=&#8221;all&#8221; column_element_direction_desktop=&#8221;default&#8221; column_element_spacing=&#8221;default&#8221; desktop_text_alignment=&#8221;default&#8221; tablet_text_alignment=&#8221;default&#8221; phone_text_alignment=&#8221;default&#8221; background_color_opacity=&#8221;1&#8243; background_hover_color_opacity=&#8221;1&#8243; column_backdrop_filter=&#8221;none&#8221; column_shadow=&#8221;none&#8221;...\" \/>\n<meta property=\"og:url\" content=\"https:\/\/tandemclub.it\/en\/imprint\/\" \/>\n<meta property=\"og:site_name\" content=\"Hirzer Tandemclub Ifinger S\u00fcdtirol\" \/>\n<meta property=\"article:modified_time\" content=\"2024-05-29T07:04:53+00:00\" \/>\n<meta name=\"twitter:card\" content=\"summary_large_image\" \/>\n<meta name=\"twitter:label1\" content=\"Est. reading time\" \/>\n\t<meta name=\"twitter:data1\" content=\"3 minutes\" \/>\n<script type=\"application\/ld+json\" class=\"yoast-schema-graph\">{\"@context\":\"https:\/\/schema.org\",\"@graph\":[{\"@type\":\"WebPage\",\"@id\":\"https:\/\/tandemclub.it\/en\/imprint\/\",\"url\":\"https:\/\/tandemclub.it\/en\/imprint\/\",\"name\":\"Imprint - Hirzer Tandemclub Ifinger S\u00fcdtirol\",\"isPartOf\":{\"@id\":\"https:\/\/tandemclub.it\/#website\"},\"datePublished\":\"2015-10-21T13:20:45+00:00\",\"dateModified\":\"2024-05-29T07:04:53+00:00\",\"breadcrumb\":{\"@id\":\"https:\/\/tandemclub.it\/en\/imprint\/#breadcrumb\"},\"inLanguage\":\"en-US\",\"potentialAction\":[{\"@type\":\"ReadAction\",\"target\":[\"https:\/\/tandemclub.it\/en\/imprint\/\"]}]},{\"@type\":\"BreadcrumbList\",\"@id\":\"https:\/\/tandemclub.it\/en\/imprint\/#breadcrumb\",\"itemListElement\":[{\"@type\":\"ListItem\",\"position\":1,\"name\":\"Start\",\"item\":\"https:\/\/tandemclub.it\/en\/\"},{\"@type\":\"ListItem\",\"position\":2,\"name\":\"Imprint\"}]},{\"@type\":\"WebSite\",\"@id\":\"https:\/\/tandemclub.it\/#website\",\"url\":\"https:\/\/tandemclub.it\/\",\"name\":\"Hirzer Tandemclub Ifinger S\u00fcdtirol\",\"description\":\"Paragleiter Tandemfl\u00fcge S\u00fcdtirol Dolomiten\",\"potentialAction\":[{\"@type\":\"SearchAction\",\"target\":{\"@type\":\"EntryPoint\",\"urlTemplate\":\"https:\/\/tandemclub.it\/?s={search_term_string}\"},\"query-input\":{\"@type\":\"PropertyValueSpecification\",\"valueRequired\":true,\"valueName\":\"search_term_string\"}}],\"inLanguage\":\"en-US\"}]}<\/script>\n<!-- \/ Yoast SEO plugin. -->","yoast_head_json":{"title":"Imprint - Hirzer Tandemclub Ifinger S\u00fcdtirol","robots":{"index":"index","follow":"follow","max-snippet":"max-snippet:-1","max-image-preview":"max-image-preview:large","max-video-preview":"max-video-preview:-1"},"canonical":"https:\/\/tandemclub.it\/en\/imprint\/","og_locale":"en_US","og_type":"article","og_title":"Imprint - Hirzer Tandemclub Ifinger S\u00fcdtirol","og_description":"[vc_row type=&#8221;in_container&#8221; full_screen_row_position=&#8221;middle&#8221; column_margin=&#8221;default&#8221; column_direction=&#8221;default&#8221; column_direction_tablet=&#8221;default&#8221; column_direction_phone=&#8221;default&#8221; scene_position=&#8221;center&#8221; text_color=&#8221;dark&#8221; text_align=&#8221;left&#8221; row_border_radius=&#8221;none&#8221; row_border_radius_applies=&#8221;bg&#8221; overflow=&#8221;visible&#8221; overlay_strength=&#8221;0.3&#8243; gradient_direction=&#8221;left_to_right&#8221; shape_divider_position=&#8221;bottom&#8221; bg_image_animation=&#8221;none&#8221;][vc_column column_padding=&#8221;no-extra-padding&#8221; column_padding_tablet=&#8221;inherit&#8221; column_padding_phone=&#8221;inherit&#8221; column_padding_position=&#8221;all&#8221; column_element_direction_desktop=&#8221;default&#8221; column_element_spacing=&#8221;default&#8221; desktop_text_alignment=&#8221;default&#8221; tablet_text_alignment=&#8221;default&#8221; phone_text_alignment=&#8221;default&#8221; background_color_opacity=&#8221;1&#8243; background_hover_color_opacity=&#8221;1&#8243; column_backdrop_filter=&#8221;none&#8221; column_shadow=&#8221;none&#8221;...","og_url":"https:\/\/tandemclub.it\/en\/imprint\/","og_site_name":"Hirzer Tandemclub Ifinger S\u00fcdtirol","article_modified_time":"2024-05-29T07:04:53+00:00","twitter_card":"summary_large_image","twitter_misc":{"Est. reading time":"3 minutes"},"schema":{"@context":"https:\/\/schema.org","@graph":[{"@type":"WebPage","@id":"https:\/\/tandemclub.it\/en\/imprint\/","url":"https:\/\/tandemclub.it\/en\/imprint\/","name":"Imprint - Hirzer Tandemclub Ifinger S\u00fcdtirol","isPartOf":{"@id":"https:\/\/tandemclub.it\/#website"},"datePublished":"2015-10-21T13:20:45+00:00","dateModified":"2024-05-29T07:04:53+00:00","breadcrumb":{"@id":"https:\/\/tandemclub.it\/en\/imprint\/#breadcrumb"},"inLanguage":"en-US","potentialAction":[{"@type":"ReadAction","target":["https:\/\/tandemclub.it\/en\/imprint\/"]}]},{"@type":"BreadcrumbList","@id":"https:\/\/tandemclub.it\/en\/imprint\/#breadcrumb","itemListElement":[{"@type":"ListItem","position":1,"name":"Start","item":"https:\/\/tandemclub.it\/en\/"},{"@type":"ListItem","position":2,"name":"Imprint"}]},{"@type":"WebSite","@id":"https:\/\/tandemclub.it\/#website","url":"https:\/\/tandemclub.it\/","name":"Hirzer Tandemclub Ifinger S\u00fcdtirol","description":"Paragleiter Tandemfl\u00fcge S\u00fcdtirol Dolomiten","potentialAction":[{"@type":"SearchAction","target":{"@type":"EntryPoint","urlTemplate":"https:\/\/tandemclub.it\/?s={search_term_string}"},"query-input":{"@type":"PropertyValueSpecification","valueRequired":true,"valueName":"search_term_string"}}],"inLanguage":"en-US"}]}},"_links":{"self":[{"href":"https:\/\/tandemclub.it\/en\/wp-json\/wp\/v2\/pages\/4018","targetHints":{"allow":["GET"]}}],"collection":[{"href":"https:\/\/tandemclub.it\/en\/wp-json\/wp\/v2\/pages"}],"about":[{"href":"https:\/\/tandemclub.it\/en\/wp-json\/wp\/v2\/types\/page"}],"author":[{"embeddable":true,"href":"https:\/\/tandemclub.it\/en\/wp-json\/wp\/v2\/users\/1"}],"replies":[{"embeddable":true,"href":"https:\/\/tandemclub.it\/en\/wp-json\/wp\/v2\/comments?post=4018"}],"version-history":[{"count":2,"href":"https:\/\/tandemclub.it\/en\/wp-json\/wp\/v2\/pages\/4018\/revisions"}],"predecessor-version":[{"id":5723,"href":"https:\/\/tandemclub.it\/en\/wp-json\/wp\/v2\/pages\/4018\/revisions\/5723"}],"wp:attachment":[{"href":"https:\/\/tandemclub.it\/en\/wp-json\/wp\/v2\/media?parent=4018"}],"curies":[{"name":"wp","href":"https:\/\/api.w.org\/{rel}","templated":true}]}}