{"id":3355,"date":"2019-12-18T10:21:43","date_gmt":"2019-12-18T10:21:43","guid":{"rendered":"https:\/\/tandemclub.it\/wordpress-2019\/anlassfluege-und-feiern\/"},"modified":"2020-05-22T07:45:26","modified_gmt":"2020-05-22T07:45:26","slug":"voli-per-eventi-e-matrimoni","status":"publish","type":"page","link":"https:\/\/tandemclub.it\/it\/voli-speciali\/voli-per-eventi-e-matrimoni\/","title":{"rendered":"Voli per eventi e matrimoni"},"content":{"rendered":"[vc_row type=&#8221;full_width_background&#8221; full_screen_row_position=&#8221;middle&#8221; column_margin=&#8221;default&#8221; scene_position=&#8221;center&#8221; text_color=&#8221;dark&#8221; text_align=&#8221;left&#8221; top_padding=&#8221;5%&#8221; bottom_padding=&#8221;2%&#8221; overlay_strength=&#8221;0.3&#8243; shape_divider_position=&#8221;bottom&#8221; bg_image_animation=&#8221;none&#8221; shape_type=&#8221;&#8221;][vc_column column_padding=&#8221;no-extra-padding&#8221; column_padding_position=&#8221;all&#8221; background_color_opacity=&#8221;1&#8243; background_hover_color_opacity=&#8221;1&#8243; column_link_target=&#8221;_self&#8221; column_shadow=&#8221;none&#8221; column_border_radius=&#8221;none&#8221; width=&#8221;1\/1&#8243; tablet_width_inherit=&#8221;default&#8221; tablet_text_alignment=&#8221;default&#8221; phone_text_alignment=&#8221;default&#8221; overlay_strength=&#8221;0.3&#8243; column_border_width=&#8221;none&#8221; column_border_style=&#8221;solid&#8221; bg_image_animation=&#8221;none&#8221;][vc_custom_heading text=&#8221;Voli per eventi e matrimoni&#8221; font_container=&#8221;tag:h1|text_align:left&#8221; use_theme_fonts=&#8221;yes&#8221;][split_line_heading animation_type=&#8221;default&#8221;]\n<h2>In alto i cuori! Non solo per il matrimonio&#8230;<\/h2>\n[\/split_line_heading][vc_column_text]Il matrimonio \u00e8 un volo a due&#8230; come il parapendio in tandem! L\u2019occasione pu\u00f2 essere non solo il matrimonio, dato che abbiamo le idee giuste per ogni tipo di evento: sono tante le nostre offerte speciali per compleanni, anniversari, festa della mamma, anniversari di matrimonio, festeggiamenti o eventi aziendali e altre occasioni speciali. Discuteremo e pianificheremo con voi l\u2019organizzazione dell\u2019evento e vi consiglieremo anche individualmente, in modo che tutto vada liscio come previsto e la sorpresa sia assolutamente di vostro gusto.<\/p>\n<p><strong>Voli per eventi Tandem Club Ifinger: per ricordi indimenticabili, al momento giusto.<\/strong>[\/vc_column_text][\/vc_column][\/vc_row][vc_row type=&#8221;full_width_background&#8221; full_screen_row_position=&#8221;middle&#8221; equal_height=&#8221;yes&#8221; column_margin=&#8221;default&#8221; scene_position=&#8221;center&#8221; text_color=&#8221;dark&#8221; text_align=&#8221;left&#8221; bottom_padding=&#8221;5%&#8221; overlay_strength=&#8221;0.3&#8243; shape_divider_position=&#8221;bottom&#8221; bg_image_animation=&#8221;none&#8221; shape_type=&#8221;&#8221;][vc_column column_padding=&#8221;no-extra-padding&#8221; column_padding_position=&#8221;all&#8221; background_color_opacity=&#8221;1&#8243; background_hover_color_opacity=&#8221;1&#8243; column_link_target=&#8221;_self&#8221; column_shadow=&#8221;none&#8221; column_border_radius=&#8221;none&#8221; width=&#8221;1\/1&#8243; tablet_width_inherit=&#8221;default&#8221; tablet_text_alignment=&#8221;default&#8221; phone_text_alignment=&#8221;default&#8221; overlay_strength=&#8221;0.3&#8243; column_border_width=&#8221;none&#8221; column_border_style=&#8221;solid&#8221; bg_image_animation=&#8221;none&#8221;][vc_gallery type=&#8221;image_grid&#8221; images=&#8221;934,2687,2690&#8243; layout=&#8221;3&#8243; item_spacing=&#8221;default&#8221; gallery_style=&#8221;7&#8243; load_in_animation=&#8221;none&#8221;][\/vc_column][\/vc_row][vc_row type=&#8221;full_width_background&#8221; full_screen_row_position=&#8221;middle&#8221; equal_height=&#8221;yes&#8221; content_placement=&#8221;middle&#8221; column_margin=&#8221;default&#8221; bg_color=&#8221;#eeeeee&#8221; scene_position=&#8221;center&#8221; text_color=&#8221;dark&#8221; text_align=&#8221;left&#8221; top_padding=&#8221;40&#8243; bottom_padding=&#8221;40&#8243; overlay_strength=&#8221;0.95&#8243; shape_divider_position=&#8221;bottom&#8221; bg_image_animation=&#8221;none&#8221; shape_type=&#8221;&#8221;][vc_column column_padding=&#8221;no-extra-padding&#8221; column_padding_position=&#8221;all&#8221; background_color_opacity=&#8221;1&#8243; background_hover_color_opacity=&#8221;1&#8243; font_color=&#8221;#444444&#8243; column_link_target=&#8221;_self&#8221; column_shadow=&#8221;none&#8221; column_border_radius=&#8221;none&#8221; width=&#8221;5\/12&#8243; tablet_width_inherit=&#8221;default&#8221; tablet_text_alignment=&#8221;center&#8221; phone_text_alignment=&#8221;center&#8221; overlay_strength=&#8221;0.3&#8243; column_border_width=&#8221;none&#8221; column_border_style=&#8221;solid&#8221; bg_image_animation=&#8221;none&#8221;][nectar_highlighted_text color_type=&#8221;regular&#8221; highlight_color=&#8221;#0088cb&#8221; style=&#8221;half_text&#8221;]\n<h2><a href=\"tel:+393397631715\">Tel. +39 339 7631715<\/a><br \/>\n<a href=\"mailto:info@tandemclub.it\">info@tandemclub.it<\/a><\/h2>\n[\/nectar_highlighted_text][vc_column_text css=&#8221;.vc_custom_1583996070448{margin-top: 15px !important;}&#8221;]\n<h4>Per domande, informazioni o date<\/h4>\n[\/vc_column_text][\/vc_column][vc_column column_padding=&#8221;no-extra-padding&#8221; column_padding_position=&#8221;all&#8221; background_color_opacity=&#8221;1&#8243; background_hover_color_opacity=&#8221;1&#8243; column_link_target=&#8221;_self&#8221; column_shadow=&#8221;none&#8221; column_border_radius=&#8221;none&#8221; width=&#8221;1\/12&#8243; tablet_width_inherit=&#8221;default&#8221; tablet_text_alignment=&#8221;center&#8221; phone_text_alignment=&#8221;center&#8221; overlay_strength=&#8221;0.3&#8243; column_border_width=&#8221;none&#8221; column_border_style=&#8221;solid&#8221; bg_image_animation=&#8221;none&#8221;][\/vc_column][vc_column column_padding=&#8221;no-extra-padding&#8221; column_padding_position=&#8221;all&#8221; background_color_opacity=&#8221;1&#8243; background_hover_color_opacity=&#8221;1&#8243; column_link_target=&#8221;_self&#8221; column_shadow=&#8221;none&#8221; column_border_radius=&#8221;none&#8221; width=&#8221;1\/2&#8243; tablet_width_inherit=&#8221;default&#8221; tablet_text_alignment=&#8221;center&#8221; phone_text_alignment=&#8221;center&#8221; overlay_strength=&#8221;0.3&#8243; column_border_width=&#8221;none&#8221; column_border_style=&#8221;solid&#8221; bg_image_animation=&#8221;none&#8221;][vc_row_inner column_margin=&#8221;default&#8221; text_align=&#8221;right&#8221;][vc_column_inner column_padding=&#8221;no-extra-padding&#8221; column_padding_position=&#8221;all&#8221; background_color_opacity=&#8221;1&#8243; background_hover_color_opacity=&#8221;1&#8243; column_shadow=&#8221;none&#8221; column_border_radius=&#8221;none&#8221; column_link_target=&#8221;_self&#8221; width=&#8221;1\/1&#8243; tablet_width_inherit=&#8221;default&#8221; overlay_strength=&#8221;0.3&#8243; column_border_width=&#8221;none&#8221; column_border_style=&#8221;solid&#8221; bg_image_animation=&#8221;none&#8221;][nectar_btn size=&#8221;jumbo&#8221; button_style=&#8221;regular&#8221; button_color_2=&#8221;Extra-Color-1&#8243; icon_family=&#8221;default_arrow&#8221; url=&#8221;https:\/\/tandemclub.it\/it\/richiesta-di-volo\/&#8221; text=&#8221;ORDINA ONLINE&#8221;][\/vc_column_inner][\/vc_row_inner][\/vc_column][\/vc_row]\n","protected":false},"excerpt":{"rendered":"<p>[vc_row type=&#8221;full_width_background&#8221; full_screen_row_position=&#8221;middle&#8221; column_margin=&#8221;default&#8221; scene_position=&#8221;center&#8221; text_color=&#8221;dark&#8221; text_align=&#8221;left&#8221; top_padding=&#8221;5%&#8221; bottom_padding=&#8221;2%&#8221; overlay_strength=&#8221;0.3&#8243; shape_divider_position=&#8221;bottom&#8221; bg_image_animation=&#8221;none&#8221; shape_type=&#8221;&#8221;][vc_column column_padding=&#8221;no-extra-padding&#8221; column_padding_position=&#8221;all&#8221; background_color_opacity=&#8221;1&#8243; background_hover_color_opacity=&#8221;1&#8243; column_link_target=&#8221;_self&#8221; column_shadow=&#8221;none&#8221; column_border_radius=&#8221;none&#8221; width=&#8221;1\/1&#8243; tablet_width_inherit=&#8221;default&#8221; tablet_text_alignment=&#8221;default&#8221; phone_text_alignment=&#8221;default&#8221; overlay_strength=&#8221;0.3&#8243; column_border_width=&#8221;none&#8221; column_border_style=&#8221;solid&#8221; bg_image_animation=&#8221;none&#8221;][vc_custom_heading text=&#8221;Voli per&#8230;<\/p>\n","protected":false},"author":2,"featured_media":0,"parent":3351,"menu_order":1,"comment_status":"closed","ping_status":"closed","template":"","meta":{"footnotes":""},"class_list":["post-3355","page","type-page","status-publish"],"yoast_head":"<!-- This site is optimized with the Yoast SEO plugin v27.0 - https:\/\/yoast.com\/product\/yoast-seo-wordpress\/ -->\n<title>Voli per eventi e matrimoni - Hirzer Tandemclub Ifinger S\u00fcdtirol<\/title>\n<meta name=\"robots\" content=\"index, follow, max-snippet:-1, max-image-preview:large, max-video-preview:-1\" \/>\n<link rel=\"canonical\" href=\"https:\/\/tandemclub.it\/it\/voli-speciali\/voli-per-eventi-e-matrimoni\/\" \/>\n<meta property=\"og:locale\" content=\"it_IT\" \/>\n<meta property=\"og:type\" content=\"article\" \/>\n<meta property=\"og:title\" content=\"Voli per eventi e matrimoni - Hirzer Tandemclub Ifinger S\u00fcdtirol\" \/>\n<meta property=\"og:description\" content=\"[vc_row type=&#8221;full_width_background&#8221; full_screen_row_position=&#8221;middle&#8221; column_margin=&#8221;default&#8221; scene_position=&#8221;center&#8221; text_color=&#8221;dark&#8221; text_align=&#8221;left&#8221; top_padding=&#8221;5%&#8221; bottom_padding=&#8221;2%&#8221; overlay_strength=&#8221;0.3&#8243; shape_divider_position=&#8221;bottom&#8221; bg_image_animation=&#8221;none&#8221; shape_type=&#8221;&#8221;][vc_column column_padding=&#8221;no-extra-padding&#8221; column_padding_position=&#8221;all&#8221; background_color_opacity=&#8221;1&#8243; background_hover_color_opacity=&#8221;1&#8243; column_link_target=&#8221;_self&#8221; column_shadow=&#8221;none&#8221; column_border_radius=&#8221;none&#8221; width=&#8221;1\/1&#8243; tablet_width_inherit=&#8221;default&#8221; tablet_text_alignment=&#8221;default&#8221; phone_text_alignment=&#8221;default&#8221; overlay_strength=&#8221;0.3&#8243; column_border_width=&#8221;none&#8221; column_border_style=&#8221;solid&#8221; bg_image_animation=&#8221;none&#8221;][vc_custom_heading text=&#8221;Voli per...\" \/>\n<meta property=\"og:url\" content=\"https:\/\/tandemclub.it\/it\/voli-speciali\/voli-per-eventi-e-matrimoni\/\" \/>\n<meta property=\"og:site_name\" content=\"Hirzer Tandemclub Ifinger S\u00fcdtirol\" \/>\n<meta property=\"article:modified_time\" content=\"2020-05-22T07:45:26+00:00\" \/>\n<meta name=\"twitter:card\" content=\"summary_large_image\" \/>\n<meta name=\"twitter:label1\" content=\"Tempo di lettura stimato\" \/>\n\t<meta name=\"twitter:data1\" content=\"3 minuti\" \/>\n<script type=\"application\/ld+json\" class=\"yoast-schema-graph\">{\"@context\":\"https:\/\/schema.org\",\"@graph\":[{\"@type\":\"WebPage\",\"@id\":\"https:\/\/tandemclub.it\/it\/voli-speciali\/voli-per-eventi-e-matrimoni\/\",\"url\":\"https:\/\/tandemclub.it\/it\/voli-speciali\/voli-per-eventi-e-matrimoni\/\",\"name\":\"Voli per eventi e matrimoni - Hirzer Tandemclub Ifinger S\u00fcdtirol\",\"isPartOf\":{\"@id\":\"https:\/\/tandemclub.it\/#website\"},\"datePublished\":\"2019-12-18T10:21:43+00:00\",\"dateModified\":\"2020-05-22T07:45:26+00:00\",\"breadcrumb\":{\"@id\":\"https:\/\/tandemclub.it\/it\/voli-speciali\/voli-per-eventi-e-matrimoni\/#breadcrumb\"},\"inLanguage\":\"it-IT\",\"potentialAction\":[{\"@type\":\"ReadAction\",\"target\":[\"https:\/\/tandemclub.it\/it\/voli-speciali\/voli-per-eventi-e-matrimoni\/\"]}]},{\"@type\":\"BreadcrumbList\",\"@id\":\"https:\/\/tandemclub.it\/it\/voli-speciali\/voli-per-eventi-e-matrimoni\/#breadcrumb\",\"itemListElement\":[{\"@type\":\"ListItem\",\"position\":1,\"name\":\"Start\",\"item\":\"https:\/\/tandemclub.it\/it\/\"},{\"@type\":\"ListItem\",\"position\":2,\"name\":\"Voli speciali\",\"item\":\"https:\/\/tandemclub.it\/it\/voli-speciali\/\"},{\"@type\":\"ListItem\",\"position\":3,\"name\":\"Voli per eventi e matrimoni\"}]},{\"@type\":\"WebSite\",\"@id\":\"https:\/\/tandemclub.it\/#website\",\"url\":\"https:\/\/tandemclub.it\/\",\"name\":\"Hirzer Tandemclub Ifinger S\u00fcdtirol\",\"description\":\"Paragleiter Tandemfl\u00fcge S\u00fcdtirol Dolomiten\",\"potentialAction\":[{\"@type\":\"SearchAction\",\"target\":{\"@type\":\"EntryPoint\",\"urlTemplate\":\"https:\/\/tandemclub.it\/?s={search_term_string}\"},\"query-input\":{\"@type\":\"PropertyValueSpecification\",\"valueRequired\":true,\"valueName\":\"search_term_string\"}}],\"inLanguage\":\"it-IT\"}]}<\/script>\n<!-- \/ Yoast SEO plugin. -->","yoast_head_json":{"title":"Voli per eventi e matrimoni - Hirzer Tandemclub Ifinger S\u00fcdtirol","robots":{"index":"index","follow":"follow","max-snippet":"max-snippet:-1","max-image-preview":"max-image-preview:large","max-video-preview":"max-video-preview:-1"},"canonical":"https:\/\/tandemclub.it\/it\/voli-speciali\/voli-per-eventi-e-matrimoni\/","og_locale":"it_IT","og_type":"article","og_title":"Voli per eventi e matrimoni - Hirzer Tandemclub Ifinger S\u00fcdtirol","og_description":"[vc_row type=&#8221;full_width_background&#8221; full_screen_row_position=&#8221;middle&#8221; column_margin=&#8221;default&#8221; scene_position=&#8221;center&#8221; text_color=&#8221;dark&#8221; text_align=&#8221;left&#8221; top_padding=&#8221;5%&#8221; bottom_padding=&#8221;2%&#8221; overlay_strength=&#8221;0.3&#8243; shape_divider_position=&#8221;bottom&#8221; bg_image_animation=&#8221;none&#8221; shape_type=&#8221;&#8221;][vc_column column_padding=&#8221;no-extra-padding&#8221; column_padding_position=&#8221;all&#8221; background_color_opacity=&#8221;1&#8243; background_hover_color_opacity=&#8221;1&#8243; column_link_target=&#8221;_self&#8221; column_shadow=&#8221;none&#8221; column_border_radius=&#8221;none&#8221; width=&#8221;1\/1&#8243; tablet_width_inherit=&#8221;default&#8221; tablet_text_alignment=&#8221;default&#8221; phone_text_alignment=&#8221;default&#8221; overlay_strength=&#8221;0.3&#8243; column_border_width=&#8221;none&#8221; column_border_style=&#8221;solid&#8221; bg_image_animation=&#8221;none&#8221;][vc_custom_heading text=&#8221;Voli per...","og_url":"https:\/\/tandemclub.it\/it\/voli-speciali\/voli-per-eventi-e-matrimoni\/","og_site_name":"Hirzer Tandemclub Ifinger S\u00fcdtirol","article_modified_time":"2020-05-22T07:45:26+00:00","twitter_card":"summary_large_image","twitter_misc":{"Tempo di lettura stimato":"3 minuti"},"schema":{"@context":"https:\/\/schema.org","@graph":[{"@type":"WebPage","@id":"https:\/\/tandemclub.it\/it\/voli-speciali\/voli-per-eventi-e-matrimoni\/","url":"https:\/\/tandemclub.it\/it\/voli-speciali\/voli-per-eventi-e-matrimoni\/","name":"Voli per eventi e matrimoni - Hirzer Tandemclub Ifinger S\u00fcdtirol","isPartOf":{"@id":"https:\/\/tandemclub.it\/#website"},"datePublished":"2019-12-18T10:21:43+00:00","dateModified":"2020-05-22T07:45:26+00:00","breadcrumb":{"@id":"https:\/\/tandemclub.it\/it\/voli-speciali\/voli-per-eventi-e-matrimoni\/#breadcrumb"},"inLanguage":"it-IT","potentialAction":[{"@type":"ReadAction","target":["https:\/\/tandemclub.it\/it\/voli-speciali\/voli-per-eventi-e-matrimoni\/"]}]},{"@type":"BreadcrumbList","@id":"https:\/\/tandemclub.it\/it\/voli-speciali\/voli-per-eventi-e-matrimoni\/#breadcrumb","itemListElement":[{"@type":"ListItem","position":1,"name":"Start","item":"https:\/\/tandemclub.it\/it\/"},{"@type":"ListItem","position":2,"name":"Voli speciali","item":"https:\/\/tandemclub.it\/it\/voli-speciali\/"},{"@type":"ListItem","position":3,"name":"Voli per eventi e matrimoni"}]},{"@type":"WebSite","@id":"https:\/\/tandemclub.it\/#website","url":"https:\/\/tandemclub.it\/","name":"Hirzer Tandemclub Ifinger S\u00fcdtirol","description":"Paragleiter Tandemfl\u00fcge S\u00fcdtirol Dolomiten","potentialAction":[{"@type":"SearchAction","target":{"@type":"EntryPoint","urlTemplate":"https:\/\/tandemclub.it\/?s={search_term_string}"},"query-input":{"@type":"PropertyValueSpecification","valueRequired":true,"valueName":"search_term_string"}}],"inLanguage":"it-IT"}]}},"_links":{"self":[{"href":"https:\/\/tandemclub.it\/it\/wp-json\/wp\/v2\/pages\/3355","targetHints":{"allow":["GET"]}}],"collection":[{"href":"https:\/\/tandemclub.it\/it\/wp-json\/wp\/v2\/pages"}],"about":[{"href":"https:\/\/tandemclub.it\/it\/wp-json\/wp\/v2\/types\/page"}],"author":[{"embeddable":true,"href":"https:\/\/tandemclub.it\/it\/wp-json\/wp\/v2\/users\/2"}],"replies":[{"embeddable":true,"href":"https:\/\/tandemclub.it\/it\/wp-json\/wp\/v2\/comments?post=3355"}],"version-history":[{"count":1,"href":"https:\/\/tandemclub.it\/it\/wp-json\/wp\/v2\/pages\/3355\/revisions"}],"predecessor-version":[{"id":3868,"href":"https:\/\/tandemclub.it\/it\/wp-json\/wp\/v2\/pages\/3355\/revisions\/3868"}],"up":[{"embeddable":true,"href":"https:\/\/tandemclub.it\/it\/wp-json\/wp\/v2\/pages\/3351"}],"wp:attachment":[{"href":"https:\/\/tandemclub.it\/it\/wp-json\/wp\/v2\/media?parent=3355"}],"curies":[{"name":"wp","href":"https:\/\/api.w.org\/{rel}","templated":true}]}}