{"id":394,"date":"2015-11-26T08:35:09","date_gmt":"2015-11-26T08:35:09","guid":{"rendered":"https:\/\/tandemclub.it\/wordpress-2019\/?page_id=394&#038;lang=it"},"modified":"2024-05-29T07:04:15","modified_gmt":"2024-05-29T07:04:15","slug":"colophon","status":"publish","type":"page","link":"https:\/\/tandemclub.it\/it\/colophon\/","title":{"rendered":"Colophon"},"content":{"rendered":"<p><strong>Impressum<\/strong><\/p>\n<p>Tandemclub Ifinger<br \/>\nFunivia Hirzer<br \/>\nI-39010 Saltusio in Passiria \u2013 Alto Adige \u2013 Italia<br \/>\n<a href=\"tel:+393397631715\">Tel. +39 339 7631715<\/a><br \/>\nE-Mail: <a href=\"mailto:info@tandemclub.it\">info(at)tandemclub.it<\/a><br \/>\nP. IVA 02836500211<\/p>\n<p><strong>Privacy<\/strong><\/p>\n<p>Protezione dei dati<\/p>\n<p>Nonostante un attento controllo si assume alcuna responsabilit\u00e0 per il contenuto dei link esterni. Il contenuto delle pagine collegate sono esclusivamente responsabili per il loro contenuto.<\/p>\n<p>\u00a9 Tandemclub Ifinger &#8211; Tutti i diritti riservati. Tutti i dati all&#8217;interno del dominio sono protetti da copyright e non pu\u00f2 essere riprodotto senza il permesso dei proprietari pu\u00f2 essere utilizzato.<\/p>\n<p>Codice della Privacy<\/p>\n<p>Ai fini dell&#8217;applicazione dell&#8217;articolo 13 del decreto legislativo n. 196 del 30 Giugno 2003, Vi informiamo che la nostra societ\u00e0 &#8220;Fly Hirzer&#8221; i dati personali dei clienti alla nostra Redazione trasformati o di gestione con i loro dati personali (telefono, fax o e-mail), e le persone di cui dati da parte di terzi, per esempio nella raccolta di dati esterni per informazioni commerciali, elenchi pubblici, ecc sono stati adottati. La nostra azienda garantisce nell&#8217;ambito delle disposizioni che il trattamento dei dati personali, tenendo conto dei diritti e delle libert\u00e0 fondamentali e della dignit\u00e0 della persona interessata, con particolare riferimento alla riservatezza, all&#8217;identit\u00e0 personale e al diritto alla protezione dei dati personali.<\/p>\n<p>Lo scopo delle informazioni \u00e8 il seguente:<\/p>\n<p>&#8211; Conformit\u00e0 con gli obblighi giuridici da regolamenti, norme comunitarie, cos\u00ec come del diritto civile e penale<br \/>\n&#8211; Il rispetto di eventuali obblighi contrattuali per le parti interessate<br \/>\n&#8211; Manutenzione delle attivit\u00e0 in connessione con l&#8217;attivit\u00e0 della nostra societ\u00e0, come la compilazione di statistiche interne, la fatturazione e per la tenuta della contabilit\u00e0<br \/>\n&#8211; Target posizioni di natura commerciale, come invio di informazioni commerciali e materiale pubblicitario via posta, fax ed e-mail marketing e ricerche di mercato<\/p>\n<p>In relazione a tali finalit\u00e0, i Suoi dati personali verranno comunicati se necessario:<br \/>\n&#8211; per le pubbliche amministrazioni e le autorit\u00e0, se questa legge \u00e8<br \/>\n&#8211; l &#8216;tutte quelle persone fisiche e \/ o giuridiche, pubbliche e \/ o privati, giuridici, amministrativi e fiscali consulente uffici, tribunali, camere di commercio, ecc, quando la comunicazione risulti necessaria o conveniente per l&#8217;esercizio della nostra attivit\u00e0 si sta rivelando utile come pure il tipo di cui sopra con tempi, modalit\u00e0 e finalit\u00e0 del caso.<\/p>\n<p>I trattati dalla nostra societ\u00e0 i dati personali non saranno oggetto di divulgazione. I dati possono essere utilizzati con o senza l&#8217;ausilio di strumenti elettronici, e comprende tutte le cui all&#8217;articolo 4, paragrafo 1, lettera a del Decreto Legislativo n. 196 del 30 Giugno 2003 e ha fornito i dati pertinenti per le operazioni necessarie. In ogni caso, i dati nel rispetto di tutte le misure di sicurezza, la sicurezza e la segretezza garantita. La legge sulla protezione dei dati d\u00e0 alle persone la possibilit\u00e0 di esercitare determinati diritti, ai sensi dell&#8217;articolo 7, In particolare, egli ha il diritto di sapere quali dati personali del titolare di essa e di ottenere informazioni su di lui se i dati sono disponibili. L&#8217;interessato ha il diritto di confermare i propri dati e di controllo, corrette e complete. Egli pu\u00f2 chiedere che i dati siano cancellati, bloccati e trasformati in dati anonimi, a condizione che l&#8217;elaborazione di norme giuridiche. Egli ha il diritto di giustificato motivo, per consentire in tutto o in parte del trattamento dei suoi dati personali ha continuato a resistere, e la loro cancellazione, la sospensione, la trasformazione in forma anonima dei dati su richiesta e senza alcun giustificato motivo, quando i dati per le finalit\u00e0 di informazione commerciale, invio di materiale pubblicitario, diretto alla ricerca di mercato e di opinione. Tali diritti possono essere colpiti da una persona o il debitamente autorizzati da loro, su richiesta, di seguito i dati con cui il titolare della lettera raccomandata o e-mail info (at) flyhirzer.com richiesto.<\/p>\n<p>Il titolare dei dati \u00e8:<br \/>\nTandemclub Ifinger<br \/>\nFunivia Hirzer<br \/>\nI-39010 Saltusio in Passiria \u2013 Alto Adige \u2013 Italia<\/p>\n","protected":false},"excerpt":{"rendered":"<p>Impressum Tandemclub Ifinger Funivia Hirzer I-39010 Saltusio in Passiria \u2013 Alto Adige \u2013 Italia Tel. +39 339 7631715 E-Mail: info(at)tandemclub.it P. IVA 02836500211 Privacy Protezione dei dati Nonostante un attento&#8230;<\/p>\n","protected":false},"author":1,"featured_media":0,"parent":0,"menu_order":99,"comment_status":"closed","ping_status":"closed","template":"","meta":{"footnotes":""},"class_list":["post-394","page","type-page","status-publish"],"yoast_head":"<!-- This site is optimized with the Yoast SEO plugin v27.0 - https:\/\/yoast.com\/product\/yoast-seo-wordpress\/ -->\n<title>Colophon - Hirzer Tandemclub Ifinger S\u00fcdtirol<\/title>\n<meta name=\"robots\" content=\"index, follow, max-snippet:-1, max-image-preview:large, max-video-preview:-1\" \/>\n<link rel=\"canonical\" href=\"https:\/\/tandemclub.it\/it\/colophon\/\" \/>\n<meta property=\"og:locale\" content=\"it_IT\" \/>\n<meta property=\"og:type\" content=\"article\" \/>\n<meta property=\"og:title\" content=\"Colophon - Hirzer Tandemclub Ifinger S\u00fcdtirol\" \/>\n<meta property=\"og:description\" content=\"Impressum Tandemclub Ifinger Funivia Hirzer I-39010 Saltusio in Passiria \u2013 Alto Adige \u2013 Italia Tel. +39 339 7631715 E-Mail: info(at)tandemclub.it P. IVA 02836500211 Privacy Protezione dei dati Nonostante un attento...\" \/>\n<meta property=\"og:url\" content=\"https:\/\/tandemclub.it\/it\/colophon\/\" \/>\n<meta property=\"og:site_name\" content=\"Hirzer Tandemclub Ifinger S\u00fcdtirol\" \/>\n<meta property=\"article:modified_time\" content=\"2024-05-29T07:04:15+00:00\" \/>\n<meta name=\"twitter:card\" content=\"summary_large_image\" \/>\n<meta name=\"twitter:label1\" content=\"Tempo di lettura stimato\" \/>\n\t<meta name=\"twitter:data1\" content=\"3 minuti\" \/>\n<script type=\"application\/ld+json\" class=\"yoast-schema-graph\">{\"@context\":\"https:\/\/schema.org\",\"@graph\":[{\"@type\":\"WebPage\",\"@id\":\"https:\/\/tandemclub.it\/it\/colophon\/\",\"url\":\"https:\/\/tandemclub.it\/it\/colophon\/\",\"name\":\"Colophon - Hirzer Tandemclub Ifinger S\u00fcdtirol\",\"isPartOf\":{\"@id\":\"https:\/\/tandemclub.it\/#website\"},\"datePublished\":\"2015-11-26T08:35:09+00:00\",\"dateModified\":\"2024-05-29T07:04:15+00:00\",\"breadcrumb\":{\"@id\":\"https:\/\/tandemclub.it\/it\/colophon\/#breadcrumb\"},\"inLanguage\":\"it-IT\",\"potentialAction\":[{\"@type\":\"ReadAction\",\"target\":[\"https:\/\/tandemclub.it\/it\/colophon\/\"]}]},{\"@type\":\"BreadcrumbList\",\"@id\":\"https:\/\/tandemclub.it\/it\/colophon\/#breadcrumb\",\"itemListElement\":[{\"@type\":\"ListItem\",\"position\":1,\"name\":\"Start\",\"item\":\"https:\/\/tandemclub.it\/it\/\"},{\"@type\":\"ListItem\",\"position\":2,\"name\":\"Colophon\"}]},{\"@type\":\"WebSite\",\"@id\":\"https:\/\/tandemclub.it\/#website\",\"url\":\"https:\/\/tandemclub.it\/\",\"name\":\"Hirzer Tandemclub Ifinger S\u00fcdtirol\",\"description\":\"Paragleiter Tandemfl\u00fcge S\u00fcdtirol Dolomiten\",\"potentialAction\":[{\"@type\":\"SearchAction\",\"target\":{\"@type\":\"EntryPoint\",\"urlTemplate\":\"https:\/\/tandemclub.it\/?s={search_term_string}\"},\"query-input\":{\"@type\":\"PropertyValueSpecification\",\"valueRequired\":true,\"valueName\":\"search_term_string\"}}],\"inLanguage\":\"it-IT\"}]}<\/script>\n<!-- \/ Yoast SEO plugin. -->","yoast_head_json":{"title":"Colophon - Hirzer Tandemclub Ifinger S\u00fcdtirol","robots":{"index":"index","follow":"follow","max-snippet":"max-snippet:-1","max-image-preview":"max-image-preview:large","max-video-preview":"max-video-preview:-1"},"canonical":"https:\/\/tandemclub.it\/it\/colophon\/","og_locale":"it_IT","og_type":"article","og_title":"Colophon - Hirzer Tandemclub Ifinger S\u00fcdtirol","og_description":"Impressum Tandemclub Ifinger Funivia Hirzer I-39010 Saltusio in Passiria \u2013 Alto Adige \u2013 Italia Tel. +39 339 7631715 E-Mail: info(at)tandemclub.it P. IVA 02836500211 Privacy Protezione dei dati Nonostante un attento...","og_url":"https:\/\/tandemclub.it\/it\/colophon\/","og_site_name":"Hirzer Tandemclub Ifinger S\u00fcdtirol","article_modified_time":"2024-05-29T07:04:15+00:00","twitter_card":"summary_large_image","twitter_misc":{"Tempo di lettura stimato":"3 minuti"},"schema":{"@context":"https:\/\/schema.org","@graph":[{"@type":"WebPage","@id":"https:\/\/tandemclub.it\/it\/colophon\/","url":"https:\/\/tandemclub.it\/it\/colophon\/","name":"Colophon - Hirzer Tandemclub Ifinger S\u00fcdtirol","isPartOf":{"@id":"https:\/\/tandemclub.it\/#website"},"datePublished":"2015-11-26T08:35:09+00:00","dateModified":"2024-05-29T07:04:15+00:00","breadcrumb":{"@id":"https:\/\/tandemclub.it\/it\/colophon\/#breadcrumb"},"inLanguage":"it-IT","potentialAction":[{"@type":"ReadAction","target":["https:\/\/tandemclub.it\/it\/colophon\/"]}]},{"@type":"BreadcrumbList","@id":"https:\/\/tandemclub.it\/it\/colophon\/#breadcrumb","itemListElement":[{"@type":"ListItem","position":1,"name":"Start","item":"https:\/\/tandemclub.it\/it\/"},{"@type":"ListItem","position":2,"name":"Colophon"}]},{"@type":"WebSite","@id":"https:\/\/tandemclub.it\/#website","url":"https:\/\/tandemclub.it\/","name":"Hirzer Tandemclub Ifinger S\u00fcdtirol","description":"Paragleiter Tandemfl\u00fcge S\u00fcdtirol Dolomiten","potentialAction":[{"@type":"SearchAction","target":{"@type":"EntryPoint","urlTemplate":"https:\/\/tandemclub.it\/?s={search_term_string}"},"query-input":{"@type":"PropertyValueSpecification","valueRequired":true,"valueName":"search_term_string"}}],"inLanguage":"it-IT"}]}},"_links":{"self":[{"href":"https:\/\/tandemclub.it\/it\/wp-json\/wp\/v2\/pages\/394","targetHints":{"allow":["GET"]}}],"collection":[{"href":"https:\/\/tandemclub.it\/it\/wp-json\/wp\/v2\/pages"}],"about":[{"href":"https:\/\/tandemclub.it\/it\/wp-json\/wp\/v2\/types\/page"}],"author":[{"embeddable":true,"href":"https:\/\/tandemclub.it\/it\/wp-json\/wp\/v2\/users\/1"}],"replies":[{"embeddable":true,"href":"https:\/\/tandemclub.it\/it\/wp-json\/wp\/v2\/comments?post=394"}],"version-history":[{"count":3,"href":"https:\/\/tandemclub.it\/it\/wp-json\/wp\/v2\/pages\/394\/revisions"}],"predecessor-version":[{"id":5722,"href":"https:\/\/tandemclub.it\/it\/wp-json\/wp\/v2\/pages\/394\/revisions\/5722"}],"wp:attachment":[{"href":"https:\/\/tandemclub.it\/it\/wp-json\/wp\/v2\/media?parent=394"}],"curies":[{"name":"wp","href":"https:\/\/api.w.org\/{rel}","templated":true}]}}