{"id":4009,"date":"2020-05-22T05:35:30","date_gmt":"2020-05-22T05:35:30","guid":{"rendered":"https:\/\/tandemclub.it\/datenschutz\/"},"modified":"2024-05-29T07:05:27","modified_gmt":"2024-05-29T07:05:27","slug":"privacy","status":"publish","type":"page","link":"https:\/\/tandemclub.it\/it\/privacy\/","title":{"rendered":"Privacy"},"content":{"rendered":"<h3>Datenschutzerkl\u00e4rung<\/h3>\n<div class=\"divider-wrap\" data-alignment=\"default\">\n<div class=\"divider\"><\/div>\n<\/div>\n<p><strong>Erf\u00fcllung der gesetzlichen Informationspflichten gem\u00e4\u00df der europ\u00e4ischen Datenschutzgrundverordnung (DSGVO)<\/strong><br \/>\nDiese Erkl\u00e4rung betrifft alle unsere Kunden und Besucher unserer Webseite. Hiermit informieren wir Sie \u00fcber Art, Umfang und Zweck der Erhebung und Verwendung Ihrer personenbezogenen Daten.<\/p>\n<p><strong>Verantwortlicher f\u00fcr die Datenverarbeitung ist:<br \/>\n<\/strong><\/p>\n<h4>TANDEMCLUB IFINGER<\/h4>\n<div class=\"textwidget\">\n<p>Seilbahn Hirzer<br \/>\nI-39010 Saltaus in Passeier<br \/>\nS\u00fcdtirol \u2013 Italien<br \/>\n<a href=\"mailto:info@tandemclub.it\">info(at)tandemclub.it<\/a><br \/>\n<a href=\"tel:+393397631715\">Tel. +39 339 7631715<\/a><br \/>\nMwst. Nr. 02836500211<\/p>\n<\/div>\n<p><strong>Gem\u00e4\u00df Art. 13 der europ\u00e4ischen Datenschutzgrundverordnung verarbeiten wir folgende Daten:<br \/>\n<\/strong>Ihre Stammdaten (Vorname, Nachname, Adresse, Telefon, E-Mail, Geburtsdatum, Geburtsort, Sprache usw.)<br \/>\nIhre Daten zu Zahlungen, EC-Karten, Kreditkarten und Bankkarten<br \/>\nDie Daten werden zur Erbringung unserer Dienstleistungen von uns gespeichert, verarbeitet und, soweit erforderlich und gesetzlich vorgeschrieben, an dritte Empf\u00e4nger (z.B. \u00f6ffentliche Beh\u00f6rden) \u00fcbermittelt. Ihre Daten werden nicht an Drittl\u00e4nder \u00fcbermittelt.<\/p>\n<p><strong>Die Rechtsgrundlagen f\u00fcr diese Datenverarbeitungsprozesse sind:<\/strong><\/p>\n<ul>\n<li>die Erf\u00fcllung unserer vorvertraglichen und vertraglichen Verpflichtungen Ihnen gegen\u00fcber<\/li>\n<li>von Ihnen eingeholte Einwilligungen<\/li>\n<li>gesetzliche, vertragliche oder sonstige rechtliche Verpflichtungen unsererseits (z.B. Dokumentationsrechte und -pflichten nach dem Rechnungswesen, Steuer- und Zollrecht, Vertragswesen, Meldewesen, oder Rechtsstreitigkeiten)<\/li>\n<li>unsere berechtigten Interessen (z.B. die Verbesserung unseres Kundenservices, auch im Bereich der Direktwerbung, oder die Wahrnehmung unserer eigenen rechtlichen Interessen).<\/li>\n<\/ul>\n<p>Die Dauer der Speicherung bemisst sich nach der Dauer unserer Gesch\u00e4ftsbeziehung, den von Ihnen erteilten Einwilligungen, dar\u00fcber hinaus nach den f\u00fcr uns geltenden gesetzlichen Aufbewahrungspflichten und rechtlichen Verpflichtungen.<\/p>\n<p>Sie k\u00f6nnen jederzeit unentgeltlich Auskunft \u00fcber Ihre personenbezogenen Daten, die von uns gespeichert werden, verlangen. Sie haben als Betroffener auch das Recht auf Widerruf, Auskunft, L\u00f6schung, Richtigstellung, Einschr\u00e4nkung und \u00dcbertragung Ihrer personenbezogenen Daten, soweit dem keine gesetzliche Aufbewahrungspflicht unsererseits gegen\u00fcbersteht. Bei Aus\u00fcbung Ihres Widerrufsrechts werden alle Ihre Daten unwiderruflich gel\u00f6scht, sofern nicht \u00fcbergeordnete gesetzliche Bestimmungen verletzt werden.<\/p>\n<p>F\u00fcr n\u00e4here Informationen zu Ihren Rechten als Betroffene kontaktieren Sie uns bitte unter <a href=\"mailto:info@tandemclub.it\">info(at)tandemclub.it<\/a>\u00a0\u2013 wir helfen Ihnen gerne weiter.<\/p>\n<p>F\u00fcr Beschwerden ist als Aufsichtsbeh\u00f6rde der \u201eGarante per la protezione dei dati personali\u201c zust\u00e4ndig: Piazza di Monte Citorio n. 121 00186 ROMA, Fax: (+39) 06.69677.3785, Telefon: (+39) 06.696771, E-Mail: garante@gpdp.it<\/p>\n<p><strong>\u00c4nderung unserer Datenschutzbestimmungen<\/strong><br \/>\nWir behalten uns vor, diese Datenschutzerkl\u00e4rung anzupassen, damit sie stets den aktuellen rechtlichen Anforderungen entspricht oder um \u00c4nderungen unserer Leistungen in der Datenschutzerkl\u00e4rung umzusetzen, z.B. bei der Einf\u00fchrung neuer Services. F\u00fcr Ihren erneuten Besuch gilt dann die neue Datenschutzerkl\u00e4rung.<\/p>\n<p><strong>Cookies<\/strong><br \/>\nWir setzen auf unserer Seite Cookies ein. Hierbei handelt es sich um kleine Dateien, die Ihr Browser automatisch erstellt und die auf Ihrem Endger\u00e4t (Laptop, Tablet, Smartphone o.\u00e4.) gespeichert werden, wenn Sie unsere Seite besuchen. Cookies richten auf Ihrem Endger\u00e4t keinen Schaden an, enthalten keine Viren, Trojaner oder sonstige Schadsoftware. Die durch Cookies verarbeiteten Daten sind f\u00fcr die genannten Zwecke zur Wahrung unserer berechtigten Interessen sowie der Dritter nach Art. 6 Abs. 1 S. 1 lit. f DSGVO erforderlich. Die meisten Browser akzeptieren Cookies automatisch. Sie k\u00f6nnen Ihren Browser jedoch so konfigurieren, dass keine Cookies auf Ihrem Computer gespeichert werden oder stets ein Hinweis erscheint, bevor ein neuer Cookie angelegt wird.<br \/>\n<a href=\"https:\/\/tandemclub.it\/cookies\/\">Mehr dazu hier &gt;<\/a><\/p>\n<p><strong>Logfiles<\/strong><br \/>\nWie die meisten Websites werden auch von uns bestimmte Informationen automatisch erfasst und in Protokolldateien gespeichert. Zu diesen Informationen geh\u00f6ren Internet-Protokolladressen (IP-Adressen), Browser-Typ, Internet-Service-Provider (ISP), Verweis-\/Endseiten, Betriebssystem, Datums-\/Zeitmarken und Clickstream-Daten.<br \/>\nDiese Daten, auch Logfiles genannt, liegen auf den Servern der\u00a0ALL-INKL.COM\u00a0\u2013 Neue Medien M\u00fcnnich in Deutschland und werden in der Regel nach einigen Tagen gel\u00f6scht:\u00a0<a href=\"https:\/\/all-inkl.com\/wichtig\/faq\/#auftragsverarbeitung-11\" target=\"_blank\" rel=\"noopener noreferrer\">https:\/\/all-inkl.com\/wichtig\/faq\/#auftragsverarbeitung-11<\/a><\/p>\n<p><strong>SSL-Verschl\u00fcsselung<\/strong><br \/>\nUm die Sicherheit Ihrer Daten bei der \u00dcbertragung zu sch\u00fctzen, verwenden wir dem aktuellen Stand der Technik entsprechende Verschl\u00fcsselungsverfahren (z. B. SSL) \u00fcber HTTPS<\/p>\n<p><strong>Kontaktformular<\/strong><br \/>\nTreten Sie bzgl. Fragen jeglicher Art per E-Mail oder Kontaktformular mit uns in Kontakt, erteilen Sie uns zum Zwecke der Kontaktaufnahme Ihre freiwillige Einwilligung. Hierf\u00fcr ist die Angabe einer validen E-Mail-Adresse erforderlich. Diese dient der Zuordnung der Anfrage und der anschlie\u00dfenden Beantwortung derselben. Die Angabe weiterer Daten ist optional. Die von Ihnen gemachten Angaben werden zum Zwecke der Bearbeitung der Anfrage sowie f\u00fcr m\u00f6gliche Anschlussfragen gespeichert. Nach Erledigung der von Ihnen gestellten Anfrage werden personenbezogene Daten automatisch gel\u00f6scht.<\/p>\n<p><strong>Verwendung von Scriptbibliotheken (Google Webfonts)<\/strong><br \/>\nUm unsere Inhalte browser\u00fcbergreifend korrekt und grafisch ansprechend darzustellen, verwenden wir auf dieser Website Scriptbibliotheken und Schriftbibliotheken wie z. B.\u00a0Google Webfonts\u00a0(<a href=\"https:\/\/www.google.com\/webfonts\/\" target=\"_blank\" rel=\"noopener noreferrer\">https:\/\/www.google.com\/webfonts\/<\/a>). Google Webfonts werden zur Vermeidung mehrfachen Ladens in den Cache Ihres Browsers \u00fcbertragen. Falls der Browser die Google Webfonts nicht unterst\u00fctzt oder den Zugriff unterbindet, werden Inhalte in einer Standardschrift angezeigt.<br \/>\nDer Aufruf von Scriptbibliotheken oder Schriftbibliotheken l\u00f6st automatisch eine Verbindung zum Betreiber der Bibliothek aus. Dabei ist es theoretisch m\u00f6glich \u2013 aktuell allerdings auch unklar ob und ggf. zu welchen Zwecken \u2013 dass Betreiber entsprechender Bibliotheken Daten erheben.<br \/>\nDie Datenschutzrichtlinie des Bibliothekbetreibers Google finden Sie hier:\u00a0<a href=\"https:\/\/www.google.com\/policies\/privacy\/\" target=\"_blank\" rel=\"noopener noreferrer\">https:\/\/www.google.com\/policies\/privacy\/<\/a><\/p>\n<p><strong>Verwendung von Google Maps<\/strong><br \/>\nDiese Webseite verwendet Google Maps API, um geographische Informationen visuell darzustellen. Bei der Nutzung von Google Maps werden von Google auch Daten \u00fcber die Nutzung der Kartenfunktionen durch Besucher erhoben, verarbeitet und genutzt. N\u00e4here Informationen \u00fcber die Datenverarbeitung durch Google k\u00f6nnen Sie\u00a0den Google-Datenschutzhinweisen\u00a0entnehmen. Dort k\u00f6nnen Sie im Datenschutzcenter auch Ihre pers\u00f6nlichen Datenschutz-Einstellungen ver\u00e4ndern.<br \/>\nAusf\u00fchrliche Anleitungen zur Verwaltung der eigenen Daten im Zusammenhang mit Google-Produkten\u00a0finden Sie\u00a0<a href=\"https:\/\/policies.google.com\/privacy?hl=de\" target=\"_blank\" rel=\"noopener noreferrer\">hier<\/a>.<\/p>\n","protected":false},"excerpt":{"rendered":"<p>Datenschutzerkl\u00e4rung Erf\u00fcllung der gesetzlichen Informationspflichten gem\u00e4\u00df der europ\u00e4ischen Datenschutzgrundverordnung (DSGVO) Diese Erkl\u00e4rung betrifft alle unsere Kunden und Besucher unserer Webseite. Hiermit informieren wir Sie \u00fcber Art, Umfang und Zweck der&#8230;<\/p>\n","protected":false},"author":1,"featured_media":0,"parent":0,"menu_order":97,"comment_status":"closed","ping_status":"closed","template":"","meta":{"footnotes":""},"class_list":["post-4009","page","type-page","status-publish"],"yoast_head":"<!-- This site is optimized with the Yoast SEO plugin v27.0 - https:\/\/yoast.com\/product\/yoast-seo-wordpress\/ -->\n<title>Privacy - Hirzer Tandemclub Ifinger S\u00fcdtirol<\/title>\n<meta name=\"robots\" content=\"index, follow, max-snippet:-1, max-image-preview:large, max-video-preview:-1\" \/>\n<link rel=\"canonical\" href=\"https:\/\/tandemclub.it\/it\/privacy\/\" \/>\n<meta property=\"og:locale\" content=\"it_IT\" \/>\n<meta property=\"og:type\" content=\"article\" \/>\n<meta property=\"og:title\" content=\"Privacy - Hirzer Tandemclub Ifinger S\u00fcdtirol\" \/>\n<meta property=\"og:description\" content=\"Datenschutzerkl\u00e4rung Erf\u00fcllung der gesetzlichen Informationspflichten gem\u00e4\u00df der europ\u00e4ischen Datenschutzgrundverordnung (DSGVO) Diese Erkl\u00e4rung betrifft alle unsere Kunden und Besucher unserer Webseite. Hiermit informieren wir Sie \u00fcber Art, Umfang und Zweck der...\" \/>\n<meta property=\"og:url\" content=\"https:\/\/tandemclub.it\/it\/privacy\/\" \/>\n<meta property=\"og:site_name\" content=\"Hirzer Tandemclub Ifinger S\u00fcdtirol\" \/>\n<meta property=\"article:modified_time\" content=\"2024-05-29T07:05:27+00:00\" \/>\n<meta name=\"twitter:card\" content=\"summary_large_image\" \/>\n<meta name=\"twitter:label1\" content=\"Tempo di lettura stimato\" \/>\n\t<meta name=\"twitter:data1\" content=\"4 minuti\" \/>\n<script type=\"application\/ld+json\" class=\"yoast-schema-graph\">{\"@context\":\"https:\/\/schema.org\",\"@graph\":[{\"@type\":\"WebPage\",\"@id\":\"https:\/\/tandemclub.it\/it\/privacy\/\",\"url\":\"https:\/\/tandemclub.it\/it\/privacy\/\",\"name\":\"Privacy - Hirzer Tandemclub Ifinger S\u00fcdtirol\",\"isPartOf\":{\"@id\":\"https:\/\/tandemclub.it\/#website\"},\"datePublished\":\"2020-05-22T05:35:30+00:00\",\"dateModified\":\"2024-05-29T07:05:27+00:00\",\"breadcrumb\":{\"@id\":\"https:\/\/tandemclub.it\/it\/privacy\/#breadcrumb\"},\"inLanguage\":\"it-IT\",\"potentialAction\":[{\"@type\":\"ReadAction\",\"target\":[\"https:\/\/tandemclub.it\/it\/privacy\/\"]}]},{\"@type\":\"BreadcrumbList\",\"@id\":\"https:\/\/tandemclub.it\/it\/privacy\/#breadcrumb\",\"itemListElement\":[{\"@type\":\"ListItem\",\"position\":1,\"name\":\"Start\",\"item\":\"https:\/\/tandemclub.it\/it\/\"},{\"@type\":\"ListItem\",\"position\":2,\"name\":\"Privacy\"}]},{\"@type\":\"WebSite\",\"@id\":\"https:\/\/tandemclub.it\/#website\",\"url\":\"https:\/\/tandemclub.it\/\",\"name\":\"Hirzer Tandemclub Ifinger S\u00fcdtirol\",\"description\":\"Paragleiter Tandemfl\u00fcge S\u00fcdtirol Dolomiten\",\"potentialAction\":[{\"@type\":\"SearchAction\",\"target\":{\"@type\":\"EntryPoint\",\"urlTemplate\":\"https:\/\/tandemclub.it\/?s={search_term_string}\"},\"query-input\":{\"@type\":\"PropertyValueSpecification\",\"valueRequired\":true,\"valueName\":\"search_term_string\"}}],\"inLanguage\":\"it-IT\"}]}<\/script>\n<!-- \/ Yoast SEO plugin. -->","yoast_head_json":{"title":"Privacy - Hirzer Tandemclub Ifinger S\u00fcdtirol","robots":{"index":"index","follow":"follow","max-snippet":"max-snippet:-1","max-image-preview":"max-image-preview:large","max-video-preview":"max-video-preview:-1"},"canonical":"https:\/\/tandemclub.it\/it\/privacy\/","og_locale":"it_IT","og_type":"article","og_title":"Privacy - Hirzer Tandemclub Ifinger S\u00fcdtirol","og_description":"Datenschutzerkl\u00e4rung Erf\u00fcllung der gesetzlichen Informationspflichten gem\u00e4\u00df der europ\u00e4ischen Datenschutzgrundverordnung (DSGVO) Diese Erkl\u00e4rung betrifft alle unsere Kunden und Besucher unserer Webseite. Hiermit informieren wir Sie \u00fcber Art, Umfang und Zweck der...","og_url":"https:\/\/tandemclub.it\/it\/privacy\/","og_site_name":"Hirzer Tandemclub Ifinger S\u00fcdtirol","article_modified_time":"2024-05-29T07:05:27+00:00","twitter_card":"summary_large_image","twitter_misc":{"Tempo di lettura stimato":"4 minuti"},"schema":{"@context":"https:\/\/schema.org","@graph":[{"@type":"WebPage","@id":"https:\/\/tandemclub.it\/it\/privacy\/","url":"https:\/\/tandemclub.it\/it\/privacy\/","name":"Privacy - Hirzer Tandemclub Ifinger S\u00fcdtirol","isPartOf":{"@id":"https:\/\/tandemclub.it\/#website"},"datePublished":"2020-05-22T05:35:30+00:00","dateModified":"2024-05-29T07:05:27+00:00","breadcrumb":{"@id":"https:\/\/tandemclub.it\/it\/privacy\/#breadcrumb"},"inLanguage":"it-IT","potentialAction":[{"@type":"ReadAction","target":["https:\/\/tandemclub.it\/it\/privacy\/"]}]},{"@type":"BreadcrumbList","@id":"https:\/\/tandemclub.it\/it\/privacy\/#breadcrumb","itemListElement":[{"@type":"ListItem","position":1,"name":"Start","item":"https:\/\/tandemclub.it\/it\/"},{"@type":"ListItem","position":2,"name":"Privacy"}]},{"@type":"WebSite","@id":"https:\/\/tandemclub.it\/#website","url":"https:\/\/tandemclub.it\/","name":"Hirzer Tandemclub Ifinger S\u00fcdtirol","description":"Paragleiter Tandemfl\u00fcge S\u00fcdtirol Dolomiten","potentialAction":[{"@type":"SearchAction","target":{"@type":"EntryPoint","urlTemplate":"https:\/\/tandemclub.it\/?s={search_term_string}"},"query-input":{"@type":"PropertyValueSpecification","valueRequired":true,"valueName":"search_term_string"}}],"inLanguage":"it-IT"}]}},"_links":{"self":[{"href":"https:\/\/tandemclub.it\/it\/wp-json\/wp\/v2\/pages\/4009","targetHints":{"allow":["GET"]}}],"collection":[{"href":"https:\/\/tandemclub.it\/it\/wp-json\/wp\/v2\/pages"}],"about":[{"href":"https:\/\/tandemclub.it\/it\/wp-json\/wp\/v2\/types\/page"}],"author":[{"embeddable":true,"href":"https:\/\/tandemclub.it\/it\/wp-json\/wp\/v2\/users\/1"}],"replies":[{"embeddable":true,"href":"https:\/\/tandemclub.it\/it\/wp-json\/wp\/v2\/comments?post=4009"}],"version-history":[{"count":3,"href":"https:\/\/tandemclub.it\/it\/wp-json\/wp\/v2\/pages\/4009\/revisions"}],"predecessor-version":[{"id":5725,"href":"https:\/\/tandemclub.it\/it\/wp-json\/wp\/v2\/pages\/4009\/revisions\/5725"}],"wp:attachment":[{"href":"https:\/\/tandemclub.it\/it\/wp-json\/wp\/v2\/media?parent=4009"}],"curies":[{"name":"wp","href":"https:\/\/api.w.org\/{rel}","templated":true}]}}