{"id":4471,"date":"2022-02-09T08:08:15","date_gmt":"2022-02-09T08:08:15","guid":{"rendered":"https:\/\/tandemclub.it\/fragen-antworten\/"},"modified":"2024-10-30T07:39:47","modified_gmt":"2024-10-30T07:39:47","slug":"domande-e-risposte","status":"publish","type":"page","link":"https:\/\/tandemclub.it\/it\/domande-e-risposte\/","title":{"rendered":"Domande e risposte"},"content":{"rendered":"[vc_row type=&#8221;full_width_background&#8221; full_screen_row_position=&#8221;middle&#8221; column_margin=&#8221;default&#8221; column_direction=&#8221;default&#8221; column_direction_tablet=&#8221;default&#8221; column_direction_phone=&#8221;default&#8221; bg_color=&#8221;#eeeeee&#8221; scene_position=&#8221;center&#8221; top_padding=&#8221;3%&#8221; bottom_padding=&#8221;3%&#8221; text_color=&#8221;dark&#8221; text_align=&#8221;left&#8221; row_border_radius=&#8221;none&#8221; row_border_radius_applies=&#8221;bg&#8221; overflow=&#8221;visible&#8221; overlay_strength=&#8221;0.3&#8243; gradient_direction=&#8221;left_to_right&#8221; shape_divider_position=&#8221;bottom&#8221; bg_image_animation=&#8221;none&#8221; shape_type=&#8221;&#8221;][vc_column column_padding=&#8221;no-extra-padding&#8221; column_padding_tablet=&#8221;inherit&#8221; column_padding_phone=&#8221;inherit&#8221; column_padding_position=&#8221;all&#8221; column_element_direction_desktop=&#8221;default&#8221; column_element_spacing=&#8221;default&#8221; desktop_text_alignment=&#8221;default&#8221; tablet_text_alignment=&#8221;default&#8221; phone_text_alignment=&#8221;default&#8221; background_color_opacity=&#8221;1&#8243; background_hover_color_opacity=&#8221;1&#8243; column_backdrop_filter=&#8221;none&#8221; column_shadow=&#8221;none&#8221; column_border_radius=&#8221;none&#8221; column_link_target=&#8221;_self&#8221; column_position=&#8221;default&#8221; gradient_direction=&#8221;left_to_right&#8221; overlay_strength=&#8221;0.3&#8243; width=&#8221;1\/1&#8243; tablet_width_inherit=&#8221;default&#8221; animation_type=&#8221;default&#8221; bg_image_animation=&#8221;none&#8221; border_type=&#8221;simple&#8221; column_border_width=&#8221;none&#8221; column_border_style=&#8221;solid&#8221;][vc_custom_heading text=&#8221;Domande e risposte&#8221; font_container=&#8221;tag:h2|text_align:center&#8221; use_theme_fonts=&#8221;yes&#8221;][vc_custom_heading text=&#8221;Tutto sul volo in tandem&#8221; font_container=&#8221;tag:h3|text_align:center|color:%23187cad&#8221; use_theme_fonts=&#8221;yes&#8221;][\/vc_column][\/vc_row][vc_row type=&#8221;in_container&#8221; full_screen_row_position=&#8221;middle&#8221; column_margin=&#8221;default&#8221; column_direction=&#8221;default&#8221; column_direction_tablet=&#8221;default&#8221; column_direction_phone=&#8221;default&#8221; scene_position=&#8221;center&#8221; top_padding=&#8221;4%&#8221; bottom_padding=&#8221;3%&#8221; text_color=&#8221;dark&#8221; text_align=&#8221;left&#8221; row_border_radius=&#8221;none&#8221; row_border_radius_applies=&#8221;bg&#8221; overflow=&#8221;visible&#8221; overlay_strength=&#8221;0.3&#8243; gradient_direction=&#8221;left_to_right&#8221; shape_divider_position=&#8221;bottom&#8221; bg_image_animation=&#8221;none&#8221; shape_type=&#8221;&#8221;][vc_column column_padding=&#8221;no-extra-padding&#8221; column_padding_tablet=&#8221;inherit&#8221; column_padding_phone=&#8221;inherit&#8221; column_padding_position=&#8221;all&#8221; column_element_direction_desktop=&#8221;default&#8221; column_element_spacing=&#8221;default&#8221; desktop_text_alignment=&#8221;default&#8221; tablet_text_alignment=&#8221;default&#8221; phone_text_alignment=&#8221;default&#8221; background_color_opacity=&#8221;1&#8243; background_hover_color_opacity=&#8221;1&#8243; column_backdrop_filter=&#8221;none&#8221; column_shadow=&#8221;none&#8221; column_border_radius=&#8221;none&#8221; column_link_target=&#8221;_self&#8221; column_position=&#8221;default&#8221; gradient_direction=&#8221;left_to_right&#8221; overlay_strength=&#8221;0.3&#8243; width=&#8221;5\/6&#8243; tablet_width_inherit=&#8221;default&#8221; animation_type=&#8221;default&#8221; bg_image_animation=&#8221;none&#8221; border_type=&#8221;simple&#8221; column_border_width=&#8221;none&#8221; column_border_style=&#8221;solid&#8221;][vc_custom_heading text=&#8221;Qui troverete tutte le domande e le risposte sulla vostra avventura in tandem.<br \/>\nPrendetevi 5 minuti e sarete ben informati.&#8221; font_container=&#8221;tag:h3|text_align:left|color:%23187cad&#8221; use_theme_fonts=&#8221;yes&#8221; css=&#8221;.vc_custom_1729498535555{padding-bottom: 3% !important;}&#8221;][vc_column_text css=&#8221;&#8221; text_direction=&#8221;default&#8221;]\n<h3>Con che tempo si vola?<\/h3>\n<p>Voliamo tutto l&#8217;anno, tranne che in caso di nebbia fitta (tranne che nel punto di atterraggio), precipitazioni o forti venti. Il pilota controlla attentamente le condizioni meteorologiche prima di ogni decollo; la sicurezza \u00e8 fondamentale. Per questo motivo, a volte possono verificarsi ritardi o riprogrammazioni di appuntamenti, rendendo il volo un po&#8217; pi\u00f9 lungo.<\/p>\n<h3>Ti butti da una scogliera?<\/h3>\n<p>No. Nel parapendio, ci si solleva lentamente da terra accelerando con passi spaziali. Il termine tandem jump \u00e8 diventato comune nel tempo.<\/p>\n<h3>Quanto \u00e8 sicuro il parapendio?<\/h3>\n<p>Le statistiche sugli incidenti mostrano che il parapendio \u00e8 pi\u00f9 sicuro che andare in bicicletta nel traffico. Grazie all&#8217;ulteriore sviluppo dei parapendii negli ultimi anni e alle previsioni meteorologiche costantemente accurate (stazioni meteorologiche di vento sulla montagna), il parapendio \u00e8 diventato molto sicuro. Naturalmente c&#8217;\u00e8 un certo rischio residuo. La sicurezza dei nostri clienti \u00e8 la nostra massima priorit\u00e0! Garantiamo la massima sicurezza per i nostri clienti attraverso una solida istruzione, una formazione costante, molta esperienza e senso di responsabilit\u00e0. Il suo pilota partecipa a corsi annuali di sicurezza per padroneggiare qualsiasi situazione di volo. Un paracadute di emergenza fa naturalmente parte del nostro equipaggiamento standard.<\/p>\n<h3>Parapendio nonostante la paura delle altezze?<\/h3>\n<p>Non c&#8217;\u00e8 bisogno di preoccuparsi. Sentiamo ripetutamente dai passeggeri che, anche se normalmente hanno paura delle altezze, non hanno questa sensazione quando fanno parapendio. La maggior parte di loro non ha paura delle altezze e prova mega sentimenti di felicit\u00e0 quando fa parapendio e rimane positivamente sorpresa da se stessa. La ragione di ci\u00f2 \u00e8 che il parapendio implica il sedersi comodamente in un&#8217;imbracatura. Grazie alla posizione seduta, il passeggero non deve preoccuparsi dell&#8217;equilibrio e pu\u00f2 godere dell&#8217;altezza della stabilit\u00e0 in modo rilassato. Stare in piedi su una sporgenza o arrampicarsi su un&#8217;alta scala non ha niente in comune con la sensazione del parapendio. Si pu\u00f2 sentire un po&#8217; di nausea prima del decollo, ma non appena si plana nell&#8217;aria, tutte le preoccupazioni sono di solito sparite! Altrimenti, se lo desiderate, potete volare tranquillamente e lentamente verso il sito di atterraggio in qualsiasi momento. Il funambolismo, tuttavia, non dovrebbe essere un problema \ud83d\ude0a.<\/p>\n<h3>Cosa devo portare con me al mio volo?<\/h3>\n<p>La lista di controllo, per i nostri passeggeri di parapendio in tandem:<\/p>\n<ul>\n<li>Calzature robuste, come scarpe da trekking o sportive<\/li>\n<li>Occhiali da sole<\/li>\n<li>pantaloni corti o lunghi a seconda della stagione<\/li>\n<li>giacca antivento che raccomandiamo anche in estate per voli termici\/summit<\/li>\n<li>Si prega di notare che le temperature in aria sono diversi gradi pi\u00f9 fredde che a terra, anche a causa della corrente d&#8217;aria.<\/li>\n<li>possibilmente guanti<\/li>\n<li>CASCO: ogni pilota deve portare per il suo ospite<br \/>\nScarpe, giacca e guanti possono anche essere forniti da noi.<br \/>\nE la cosa pi\u00f9 importante: essere di buon umore \ud83d\ude0a\ud83d\ude0a<\/li>\n<\/ul>\n<h3>Quanto costa un volo in parapendio?<\/h3>\n<p>I nostri voli in parapendio sono disponibili a partire da 100 \u20ac, questo dipende dalla rotta e dalla durata del volo. Pu\u00f2 trovare i prezzi per il rispettivo volo sotto <a href=\"https:\/\/tandemclub.it\/it\/prezzi-e-zone-di-volo\/\">prezzi &amp; zone di volo<\/a>. Si prega di notare che i nostri voli in parapendio non includono il giro in montagna o il pacchetto film\/foto\/sd.<\/p>\n<h3>Quanto in alto e quanto velocemente volate?<\/h3>\n<p>Un parapendio vola ad una velocit\u00e0 in avanti di circa 35-40 km\/h. Grazie alle termiche possiamo raggiungere altezze fino a 2.500-3.000 m nei giorni adatti. Prenotate il volo della cima termica per questo.<\/p>\n<h3>Cos&#8217;\u00e8 il termalismo?<\/h3>\n<p>Le termiche non sono altro che aria calda. I raggi di luce solare che colpiscono il terreno o i lati delle montagne fanno s\u00ec che le masse d&#8217;aria sovrastanti si riscaldino e salgano. Questo permette ai piloti in termica di salire in circolo e guadagnare quota.<\/p>\n<h3>Voglio volare con qualcuno allo stesso tempo o siamo una famiglia\/gruppo, \u00e8 possibile?<\/h3>\n<p>Dato che siamo diversi piloti, questo non \u00e8 normalmente un problema (per parapendio: 1 pilota e 1 passeggero). Tuttavia, siamo sempre dipendenti dal vento e dal tempo, quindi ci possono essere delle variazioni. Il vento di decollo (aiuto al decollo) gioca un ruolo importante, questo pu\u00f2 portare a ritardi di uno o pi\u00f9 piloti. Chiediamo quindi la vostra comprensione se non tutti possono decollare o atterrare allo stesso tempo \ud83d\ude0a.<\/p>\n<p>Per gruppi pi\u00f9 grandi di 18-20 persone, dividiamo il gruppo in due turni, questo rende il tempo un po&#8217; pi\u00f9 lungo, ma pu\u00f2 essere accorciato davanti a una birra \ud83d\ude0a\ud83d\ude0a\ud83d\ude0a.<\/p>\n<h3>Quanti anni posso\/devo avere per partecipare a un volo in tandem?<\/h3>\n<p>In linea di principio, non esiste un&#8217;et\u00e0 minima. Il passeggero pi\u00f9 giovane finora aveva 3,5 anni. Il passeggero pi\u00f9 anziano aveva 99 anni. Quindi non c&#8217;\u00e8 quasi nessun limite di et\u00e0. IMPORTANTE: I bambini e gli anziani devono dichiarare la loro et\u00e0 quando prendono un appuntamento.<\/p>\n<h3>Quanto posso\/devo essere pesante o quanto devo essere alto per partecipare ad un volo in tandem?<\/h3>\n<p>La gamma di peso per i nostri passeggeri \u00e8 compresa tra i 18 kg e i 130 kg. IMPORTANTE: Se si trova nella gamma di peso inferiore (bambino) o superiore, la preghiamo di indicarlo al momento dell&#8217;appuntamento. Le dimensioni non contano.<\/p>\n<h3>Devo essere atletico per un volo in tandem con il parapendio?<\/h3>\n<p>In realt\u00e0 \u00e8 sufficiente che tu possa fare qualche passo veloce. L&#8217;unica cosa importante \u00e8 che tu sia sano e non soffra di malattie cardiovascolari. La preghiamo di informarci di qualsiasi gravidanza, vertigini o altri disturbi quando prende l&#8217;appuntamento. Tuttavia, se la tua forma fisica non \u00e8 pi\u00f9 sufficiente per camminare autonomamente alla partenza, offriamo una &#8220;partenza assistita&#8221;. In questo caso, sarete trasportati da due piloti addizionali durante il decollo fino al decollo (vi preghiamo di informarci sempre dell&#8217;eventuale assistenza al decollo richiesta al momento della prenotazione).<\/p>\n<h3>Com&#8217;\u00e8 un atterraggio con un parapendio o cosa devo considerare?<\/h3>\n<p>Possiamo atterrare camminando per 2 o 3 metri, in pratica atterriamo con il parapendio tandem seduto. Questo significa che basta stendere le gambe e sollevarle leggermente, poi atterriamo seduti sulla protezione. Il pilota lo decide poco prima dell&#8217;atterraggio a seconda della situazione e d\u00e0 al passeggero istruzioni precise.<\/p>\n<h3>Quando \u00e8 il momento migliore per volare?<\/h3>\n<p>Al mattino l&#8217;aria \u00e8 davvero limpida e calma! Non sentirete quasi nessuna oscillazione durante il volo. Con l&#8217;avanzare della giornata, le termiche generalmente aumentano. Questo \u00e8 il momento ottimale per le rotte di volo pi\u00f9 lunghe e per i voli termici\/di vetta. Le termiche si calmano nuovamente nel tardo pomeriggio (intorno alle 17.00).<\/p>\n<h3>Sono assicurato come passeggero?<\/h3>\n<p>Tutti i piloti hanno tutte le assicurazioni legalmente richieste per i loro passeggeri. Volano solo i piloti tandem certificati e approvati dallo Stato con i quali si stipula un contratto di trasporto. Naturalmente, vengono utilizzate solo le attrezzature migliori e pi\u00f9 moderne.<\/p>\n<h3>Ho bisogno di qualche conoscenza precedente per questo?<\/h3>\n<p>Nessuna esperienza precedente \u00e8 richiesta per il volo in tandem. Un team di piloti esperti dar\u00e0 istruzioni precise e si assicurer\u00e0 che il volo in tandem si svolga senza problemi e in sicurezza, eliminando ogni ultimo dubbio che potresti avere \ud83d\ude0a\ud83d\ude0a.<\/p>\n<h3>Com&#8217;\u00e8 il decollo di un volo tandem in parapendio e cosa devo tenere a mente?<\/h3>\n<p>Il passeggero \u00e8 collegato al pilota con un dispositivo speciale. Breve briefing del pilota e decollo su 1,2,3 o 3,2,1. IMPORTANTE: Durante il decollo, camminate fino a quando non siamo decollati insieme e non sedetevi troppo presto, ma continuate a camminare fino a quando i vostri piedi si allontanano da terra da soli. Vedrete che anche il decollo \u00e8 abbastanza facile. Una volta in aria, il passeggero pu\u00f2 rilassarsi e godersi la vista durante tutto il volo in tandem.<\/p>\n<h3>Come faccio ad avere le foto\/video o le foto\/video mi vengono fatte?<\/h3>\n<p>Ogni pilota scatta automaticamente foto e video in HD del passeggero prima, durante e dopo il volo. Le mostriamo dopo il volo e le consegniamo su una scheda di memoria SD o una chiavetta USB su richiesta.<\/p>\n<h3>Si pu\u00f2 volare anche in inverno?<\/h3>\n<p>S\u00ec, \u00e8 possibile volare in parapendio anche in inverno.<\/p>\n<h3>Possono venire anche gli spettatori?<\/h3>\n<p>S\u00ec, gli spettatori sono i benvenuti. Consigliamo di assistere all&#8217;atterraggio, in modo da risparmiare il biglietto della funivia per salire e scendere.[\/vc_column_text][\/vc_column][vc_column column_padding=&#8221;no-extra-padding&#8221; column_padding_tablet=&#8221;inherit&#8221; column_padding_phone=&#8221;inherit&#8221; column_padding_position=&#8221;all&#8221; column_element_direction_desktop=&#8221;default&#8221; column_element_spacing=&#8221;default&#8221; desktop_text_alignment=&#8221;default&#8221; tablet_text_alignment=&#8221;default&#8221; phone_text_alignment=&#8221;default&#8221; background_color_opacity=&#8221;1&#8243; background_hover_color_opacity=&#8221;1&#8243; column_backdrop_filter=&#8221;none&#8221; column_shadow=&#8221;none&#8221; column_border_radius=&#8221;none&#8221; column_link_target=&#8221;_self&#8221; column_position=&#8221;default&#8221; gradient_direction=&#8221;left_to_right&#8221; overlay_strength=&#8221;0.3&#8243; width=&#8221;1\/6&#8243; tablet_width_inherit=&#8221;default&#8221; animation_type=&#8221;default&#8221; bg_image_animation=&#8221;none&#8221; border_type=&#8221;simple&#8221; column_border_width=&#8221;none&#8221; column_border_style=&#8221;solid&#8221;][\/vc_column][\/vc_row]\n","protected":false},"excerpt":{"rendered":"<p>[vc_row type=&#8221;full_width_background&#8221; full_screen_row_position=&#8221;middle&#8221; column_margin=&#8221;default&#8221; column_direction=&#8221;default&#8221; column_direction_tablet=&#8221;default&#8221; column_direction_phone=&#8221;default&#8221; bg_color=&#8221;#eeeeee&#8221; scene_position=&#8221;center&#8221; top_padding=&#8221;3%&#8221; bottom_padding=&#8221;3%&#8221; text_color=&#8221;dark&#8221; text_align=&#8221;left&#8221; row_border_radius=&#8221;none&#8221; row_border_radius_applies=&#8221;bg&#8221; overflow=&#8221;visible&#8221; overlay_strength=&#8221;0.3&#8243; gradient_direction=&#8221;left_to_right&#8221; shape_divider_position=&#8221;bottom&#8221; bg_image_animation=&#8221;none&#8221; shape_type=&#8221;&#8221;][vc_column column_padding=&#8221;no-extra-padding&#8221; column_padding_tablet=&#8221;inherit&#8221; column_padding_phone=&#8221;inherit&#8221; column_padding_position=&#8221;all&#8221; column_element_direction_desktop=&#8221;default&#8221; column_element_spacing=&#8221;default&#8221; desktop_text_alignment=&#8221;default&#8221; tablet_text_alignment=&#8221;default&#8221; phone_text_alignment=&#8221;default&#8221;&#8230;<\/p>\n","protected":false},"author":2,"featured_media":0,"parent":0,"menu_order":0,"comment_status":"closed","ping_status":"closed","template":"","meta":{"footnotes":""},"class_list":["post-4471","page","type-page","status-publish"],"yoast_head":"<!-- This site is optimized with the Yoast SEO plugin v27.4 - https:\/\/yoast.com\/product\/yoast-seo-wordpress\/ -->\n<title>Domande e risposte - Hirzer Tandemclub Ifinger S\u00fcdtirol<\/title>\n<meta name=\"robots\" content=\"index, follow, max-snippet:-1, max-image-preview:large, max-video-preview:-1\" \/>\n<link rel=\"canonical\" href=\"https:\/\/tandemclub.it\/it\/domande-e-risposte\/\" \/>\n<meta property=\"og:locale\" content=\"it_IT\" \/>\n<meta property=\"og:type\" content=\"article\" \/>\n<meta property=\"og:title\" content=\"Domande e risposte - Hirzer Tandemclub Ifinger S\u00fcdtirol\" \/>\n<meta property=\"og:description\" content=\"[vc_row type=&#8221;full_width_background&#8221; full_screen_row_position=&#8221;middle&#8221; column_margin=&#8221;default&#8221; column_direction=&#8221;default&#8221; column_direction_tablet=&#8221;default&#8221; column_direction_phone=&#8221;default&#8221; bg_color=&#8221;#eeeeee&#8221; scene_position=&#8221;center&#8221; top_padding=&#8221;3%&#8221; bottom_padding=&#8221;3%&#8221; text_color=&#8221;dark&#8221; text_align=&#8221;left&#8221; row_border_radius=&#8221;none&#8221; row_border_radius_applies=&#8221;bg&#8221; overflow=&#8221;visible&#8221; overlay_strength=&#8221;0.3&#8243; gradient_direction=&#8221;left_to_right&#8221; shape_divider_position=&#8221;bottom&#8221; bg_image_animation=&#8221;none&#8221; shape_type=&#8221;&#8221;][vc_column column_padding=&#8221;no-extra-padding&#8221; column_padding_tablet=&#8221;inherit&#8221; column_padding_phone=&#8221;inherit&#8221; column_padding_position=&#8221;all&#8221; column_element_direction_desktop=&#8221;default&#8221; column_element_spacing=&#8221;default&#8221; desktop_text_alignment=&#8221;default&#8221; tablet_text_alignment=&#8221;default&#8221; phone_text_alignment=&#8221;default&#8221;...\" \/>\n<meta property=\"og:url\" content=\"https:\/\/tandemclub.it\/it\/domande-e-risposte\/\" \/>\n<meta property=\"og:site_name\" content=\"Hirzer Tandemclub Ifinger S\u00fcdtirol\" \/>\n<meta property=\"article:modified_time\" content=\"2024-10-30T07:39:47+00:00\" \/>\n<meta name=\"twitter:card\" content=\"summary_large_image\" \/>\n<meta name=\"twitter:label1\" content=\"Tempo di lettura stimato\" \/>\n\t<meta name=\"twitter:data1\" content=\"9 minuti\" \/>\n<script type=\"application\/ld+json\" class=\"yoast-schema-graph\">{\"@context\":\"https:\\\/\\\/schema.org\",\"@graph\":[{\"@type\":\"WebPage\",\"@id\":\"https:\\\/\\\/tandemclub.it\\\/it\\\/domande-e-risposte\\\/\",\"url\":\"https:\\\/\\\/tandemclub.it\\\/it\\\/domande-e-risposte\\\/\",\"name\":\"Domande e risposte - Hirzer Tandemclub Ifinger S\u00fcdtirol\",\"isPartOf\":{\"@id\":\"https:\\\/\\\/tandemclub.it\\\/#website\"},\"datePublished\":\"2022-02-09T08:08:15+00:00\",\"dateModified\":\"2024-10-30T07:39:47+00:00\",\"breadcrumb\":{\"@id\":\"https:\\\/\\\/tandemclub.it\\\/it\\\/domande-e-risposte\\\/#breadcrumb\"},\"inLanguage\":\"it-IT\",\"potentialAction\":[{\"@type\":\"ReadAction\",\"target\":[\"https:\\\/\\\/tandemclub.it\\\/it\\\/domande-e-risposte\\\/\"]}]},{\"@type\":\"BreadcrumbList\",\"@id\":\"https:\\\/\\\/tandemclub.it\\\/it\\\/domande-e-risposte\\\/#breadcrumb\",\"itemListElement\":[{\"@type\":\"ListItem\",\"position\":1,\"name\":\"Start\",\"item\":\"https:\\\/\\\/tandemclub.it\\\/it\\\/\"},{\"@type\":\"ListItem\",\"position\":2,\"name\":\"Domande e risposte\"}]},{\"@type\":\"WebSite\",\"@id\":\"https:\\\/\\\/tandemclub.it\\\/#website\",\"url\":\"https:\\\/\\\/tandemclub.it\\\/\",\"name\":\"Hirzer Tandemclub Ifinger S\u00fcdtirol\",\"description\":\"Paragleiter Tandemfl\u00fcge S\u00fcdtirol Dolomiten\",\"potentialAction\":[{\"@type\":\"SearchAction\",\"target\":{\"@type\":\"EntryPoint\",\"urlTemplate\":\"https:\\\/\\\/tandemclub.it\\\/?s={search_term_string}\"},\"query-input\":{\"@type\":\"PropertyValueSpecification\",\"valueRequired\":true,\"valueName\":\"search_term_string\"}}],\"inLanguage\":\"it-IT\"}]}<\/script>\n<!-- \/ Yoast SEO plugin. -->","yoast_head_json":{"title":"Domande e risposte - Hirzer Tandemclub Ifinger S\u00fcdtirol","robots":{"index":"index","follow":"follow","max-snippet":"max-snippet:-1","max-image-preview":"max-image-preview:large","max-video-preview":"max-video-preview:-1"},"canonical":"https:\/\/tandemclub.it\/it\/domande-e-risposte\/","og_locale":"it_IT","og_type":"article","og_title":"Domande e risposte - Hirzer Tandemclub Ifinger S\u00fcdtirol","og_description":"[vc_row type=&#8221;full_width_background&#8221; full_screen_row_position=&#8221;middle&#8221; column_margin=&#8221;default&#8221; column_direction=&#8221;default&#8221; column_direction_tablet=&#8221;default&#8221; column_direction_phone=&#8221;default&#8221; bg_color=&#8221;#eeeeee&#8221; scene_position=&#8221;center&#8221; top_padding=&#8221;3%&#8221; bottom_padding=&#8221;3%&#8221; text_color=&#8221;dark&#8221; text_align=&#8221;left&#8221; row_border_radius=&#8221;none&#8221; row_border_radius_applies=&#8221;bg&#8221; overflow=&#8221;visible&#8221; overlay_strength=&#8221;0.3&#8243; gradient_direction=&#8221;left_to_right&#8221; shape_divider_position=&#8221;bottom&#8221; bg_image_animation=&#8221;none&#8221; shape_type=&#8221;&#8221;][vc_column column_padding=&#8221;no-extra-padding&#8221; column_padding_tablet=&#8221;inherit&#8221; column_padding_phone=&#8221;inherit&#8221; column_padding_position=&#8221;all&#8221; column_element_direction_desktop=&#8221;default&#8221; column_element_spacing=&#8221;default&#8221; desktop_text_alignment=&#8221;default&#8221; tablet_text_alignment=&#8221;default&#8221; phone_text_alignment=&#8221;default&#8221;...","og_url":"https:\/\/tandemclub.it\/it\/domande-e-risposte\/","og_site_name":"Hirzer Tandemclub Ifinger S\u00fcdtirol","article_modified_time":"2024-10-30T07:39:47+00:00","twitter_card":"summary_large_image","twitter_misc":{"Tempo di lettura stimato":"9 minuti"},"schema":{"@context":"https:\/\/schema.org","@graph":[{"@type":"WebPage","@id":"https:\/\/tandemclub.it\/it\/domande-e-risposte\/","url":"https:\/\/tandemclub.it\/it\/domande-e-risposte\/","name":"Domande e risposte - Hirzer Tandemclub Ifinger S\u00fcdtirol","isPartOf":{"@id":"https:\/\/tandemclub.it\/#website"},"datePublished":"2022-02-09T08:08:15+00:00","dateModified":"2024-10-30T07:39:47+00:00","breadcrumb":{"@id":"https:\/\/tandemclub.it\/it\/domande-e-risposte\/#breadcrumb"},"inLanguage":"it-IT","potentialAction":[{"@type":"ReadAction","target":["https:\/\/tandemclub.it\/it\/domande-e-risposte\/"]}]},{"@type":"BreadcrumbList","@id":"https:\/\/tandemclub.it\/it\/domande-e-risposte\/#breadcrumb","itemListElement":[{"@type":"ListItem","position":1,"name":"Start","item":"https:\/\/tandemclub.it\/it\/"},{"@type":"ListItem","position":2,"name":"Domande e risposte"}]},{"@type":"WebSite","@id":"https:\/\/tandemclub.it\/#website","url":"https:\/\/tandemclub.it\/","name":"Hirzer Tandemclub Ifinger S\u00fcdtirol","description":"Paragleiter Tandemfl\u00fcge S\u00fcdtirol Dolomiten","potentialAction":[{"@type":"SearchAction","target":{"@type":"EntryPoint","urlTemplate":"https:\/\/tandemclub.it\/?s={search_term_string}"},"query-input":{"@type":"PropertyValueSpecification","valueRequired":true,"valueName":"search_term_string"}}],"inLanguage":"it-IT"}]}},"_links":{"self":[{"href":"https:\/\/tandemclub.it\/it\/wp-json\/wp\/v2\/pages\/4471","targetHints":{"allow":["GET"]}}],"collection":[{"href":"https:\/\/tandemclub.it\/it\/wp-json\/wp\/v2\/pages"}],"about":[{"href":"https:\/\/tandemclub.it\/it\/wp-json\/wp\/v2\/types\/page"}],"author":[{"embeddable":true,"href":"https:\/\/tandemclub.it\/it\/wp-json\/wp\/v2\/users\/2"}],"replies":[{"embeddable":true,"href":"https:\/\/tandemclub.it\/it\/wp-json\/wp\/v2\/comments?post=4471"}],"version-history":[{"count":11,"href":"https:\/\/tandemclub.it\/it\/wp-json\/wp\/v2\/pages\/4471\/revisions"}],"predecessor-version":[{"id":5785,"href":"https:\/\/tandemclub.it\/it\/wp-json\/wp\/v2\/pages\/4471\/revisions\/5785"}],"wp:attachment":[{"href":"https:\/\/tandemclub.it\/it\/wp-json\/wp\/v2\/media?parent=4471"}],"curies":[{"name":"wp","href":"https:\/\/api.w.org\/{rel}","templated":true}]}}